{"id":2110,"date":"2018-05-23T15:39:32","date_gmt":"2018-05-23T13:39:32","guid":{"rendered":"https:\/\/ibtherapeutics.com\/sv\/?page_id=2110"},"modified":"2018-06-11T15:38:53","modified_gmt":"2018-06-11T13:38:53","slug":"radgivande-styrelse","status":"publish","type":"page","link":"https:\/\/ibtherapeutics.com\/sv\/om-ibt\/radgivande-styrelse\/","title":{"rendered":"Advisory board"},"content":{"rendered":"<div class=\"members cf\"><div class=\"member cf\"><img src=\"https:\/\/ibtherapeutics.com\/sv\/wp-content\/uploads\/2018\/05\/josef_neu-e1534409044884.jpg\" class=\"picture\" alt=\"Josef Neu, M.D.\" \/><h2>Josef Neu, M.D.<\/h2><h3>Medical Advisor Neonatology<\/h3>Dr. Neu \u00e4r professor vid Department of Pediatrics, Division of Neonatology, University of Florida. Han har varit kliniker och forskare inom omr\u00e5det utveckling och nutrition i neonatal gastrointestinal i \u00f6ver 30 \u00e5r. Hans fokus under det senaste decenniet har varit p\u00e5 intestinal mukosalimmunologi och tarmmikrobiomen.<\/div><\/div>\n","protected":false},"excerpt":{"rendered":"","protected":false},"author":3,"featured_media":0,"parent":408,"menu_order":20,"comment_status":"closed","ping_status":"closed","template":"","meta":{"footnotes":""},"_links":{"self":[{"href":"https:\/\/ibtherapeutics.com\/sv\/wp-json\/wp\/v2\/pages\/2110"}],"collection":[{"href":"https:\/\/ibtherapeutics.com\/sv\/wp-json\/wp\/v2\/pages"}],"about":[{"href":"https:\/\/ibtherapeutics.com\/sv\/wp-json\/wp\/v2\/types\/page"}],"author":[{"embeddable":true,"href":"https:\/\/ibtherapeutics.com\/sv\/wp-json\/wp\/v2\/users\/3"}],"replies":[{"embeddable":true,"href":"https:\/\/ibtherapeutics.com\/sv\/wp-json\/wp\/v2\/comments?post=2110"}],"version-history":[{"count":8,"href":"https:\/\/ibtherapeutics.com\/sv\/wp-json\/wp\/v2\/pages\/2110\/revisions"}],"predecessor-version":[{"id":2232,"href":"https:\/\/ibtherapeutics.com\/sv\/wp-json\/wp\/v2\/pages\/2110\/revisions\/2232"}],"up":[{"embeddable":true,"href":"https:\/\/ibtherapeutics.com\/sv\/wp-json\/wp\/v2\/pages\/408"}],"wp:attachment":[{"href":"https:\/\/ibtherapeutics.com\/sv\/wp-json\/wp\/v2\/media?parent=2110"}],"curies":[{"name":"wp","href":"https:\/\/api.w.org\/{rel}","templated":true}]}}