{"id":3217,"date":"2022-05-17T09:27:50","date_gmt":"2022-05-17T07:27:50","guid":{"rendered":"https:\/\/ibtherapeutics.com\/sv\/?page_id=3217"},"modified":"2022-05-31T13:44:22","modified_gmt":"2022-05-31T11:44:22","slug":"hallbarhetspolicy","status":"publish","type":"page","link":"https:\/\/ibtherapeutics.com\/sv\/om-ibt\/hallbarhetspolicy\/","title":{"rendered":"H\u00e5llbarhetspolicy"},"content":{"rendered":"<p>H\u00e4r finns v\u00e5r\u00a0<a href=\"https:\/\/ibtherapeutics.com\/sv\/wp-content\/uploads\/2022\/05\/IBT-Ha\u030allbarhetspolicy-antagen-2022-02-04.pdf\">H\u00e5llbarhetspolicy<\/a>.<\/p>\n<p><a href=\"https:\/\/ibtherapeutics.com\/sv\/wp-content\/uploads\/2022\/05\/Screen-Shot-2022-05-31-at-13.43.03.png\"><img decoding=\"async\" loading=\"lazy\" width=\"764\" height=\"765\" class=\"alignnone size-full wp-image-3231\" src=\"https:\/\/ibtherapeutics.com\/sv\/wp-content\/uploads\/2022\/05\/Screen-Shot-2022-05-31-at-13.43.03.png\" alt=\"H\u00e5llbarhetspolicy\" srcset=\"https:\/\/ibtherapeutics.com\/sv\/wp-content\/uploads\/2022\/05\/Screen-Shot-2022-05-31-at-13.43.03.png 764w, https:\/\/ibtherapeutics.com\/sv\/wp-content\/uploads\/2022\/05\/Screen-Shot-2022-05-31-at-13.43.03-150x150.png 150w, https:\/\/ibtherapeutics.com\/sv\/wp-content\/uploads\/2022\/05\/Screen-Shot-2022-05-31-at-13.43.03-300x300.png 300w\" sizes=\"(max-width: 764px) 100vw, 764px\" \/><\/a><\/p>\n","protected":false},"excerpt":{"rendered":"<p>H\u00e4r finns v\u00e5r\u00a0H\u00e5llbarhetspolicy.<\/p>\n","protected":false},"author":4,"featured_media":0,"parent":408,"menu_order":30,"comment_status":"closed","ping_status":"closed","template":"","meta":{"footnotes":""},"_links":{"self":[{"href":"https:\/\/ibtherapeutics.com\/sv\/wp-json\/wp\/v2\/pages\/3217"}],"collection":[{"href":"https:\/\/ibtherapeutics.com\/sv\/wp-json\/wp\/v2\/pages"}],"about":[{"href":"https:\/\/ibtherapeutics.com\/sv\/wp-json\/wp\/v2\/types\/page"}],"author":[{"embeddable":true,"href":"https:\/\/ibtherapeutics.com\/sv\/wp-json\/wp\/v2\/users\/4"}],"replies":[{"embeddable":true,"href":"https:\/\/ibtherapeutics.com\/sv\/wp-json\/wp\/v2\/comments?post=3217"}],"version-history":[{"count":5,"href":"https:\/\/ibtherapeutics.com\/sv\/wp-json\/wp\/v2\/pages\/3217\/revisions"}],"predecessor-version":[{"id":3230,"href":"https:\/\/ibtherapeutics.com\/sv\/wp-json\/wp\/v2\/pages\/3217\/revisions\/3230"}],"up":[{"embeddable":true,"href":"https:\/\/ibtherapeutics.com\/sv\/wp-json\/wp\/v2\/pages\/408"}],"wp:attachment":[{"href":"https:\/\/ibtherapeutics.com\/sv\/wp-json\/wp\/v2\/media?parent=3217"}],"curies":[{"name":"wp","href":"https:\/\/api.w.org\/{rel}","templated":true}]}}