{"id":3373,"date":"2023-05-02T09:48:10","date_gmt":"2023-05-02T07:48:10","guid":{"rendered":"https:\/\/ibtherapeutics.com\/sv\/?page_id=3373"},"modified":"2023-07-04T09:44:40","modified_gmt":"2023-07-04T07:44:40","slug":"ibp-1118","status":"publish","type":"page","link":"https:\/\/ibtherapeutics.com\/sv\/r-and-d\/ibp-1118\/","title":{"rendered":"IBP-1118"},"content":{"rendered":"<h1>F\u00f6rebyggandet av \u201cretinopathy of prematurity\u201d (ROP) hos prematura sp\u00e4dbarn, den fr\u00e4msta orsaken till minskad synsk\u00e4rpa och blindhet hos prematura sp\u00e4dbarn<\/h1>\n<p>&nbsp;<\/p>\n<p><a href=\"https:\/\/ibtherapeutics.com\/wp-content\/uploads\/2023\/02\/Untitled-e1676494518936.jpg\"><img decoding=\"async\" class=\"alignnone wp-image-1761\" src=\"https:\/\/ibtherapeutics.com\/wp-content\/uploads\/2023\/02\/Untitled-e1676494518936.jpg\" alt=\"IBP-1118\" \/><\/a><\/p>\n<p>&nbsp;<\/p>\n<h2>Retinopathy of Prematurity<\/h2>\n<p><span style=\"font-weight: 400;\">Retinopati hos prematura sp\u00e4dbarn (ROP) \u00e4r den fr\u00e4msta orsaken till blindhet och synskador hos barn. Ungef\u00e4r 50-70% av prematura sp\u00e4dbarn som v\u00e4ger mindre \u00e4n 1250 gram vid f\u00f6dseln kommer att drabbas av denna sjukdom, vilket leder till att 20 000 individer v\u00e4rlden \u00f6ver drabbas av blindhet eller allvarlig synskada varje \u00e5r. ROP karakteriseras som en vaskuloproliferativ sjukdom (dvs. onormal tillv\u00e4xt av blodk\u00e4rl i \u00f6gat). Vissa fall l\u00f6ser sig spontant medan i andra leder den onormala tillv\u00e4xten till komplikationer. Ifall ROP fortskrider uppst\u00e5r ischemi i n\u00e4thinnan vilket leder till att retinala neuron d\u00f6r genom \u00e4rrbildning i \u00f6gat, n\u00e4thinneavlossning och en irreversibel f\u00f6rlust av synsk\u00e4rpa och potentiell blindhet.<\/span><\/p>\n<p>&nbsp;<\/p>\n<p><span style=\"font-weight: 400;\">Nuvarande behandlingar f\u00f6rlitar sig p\u00e5 tidig diagnos fr\u00e5n allm\u00e4n \u00f6gonscreening. Dock \u00e4r befintliga ingrepp, s\u00e5som laserterapi och injektioner av VEGF-h\u00e4mmare som syftar till att begr\u00e4nsa sjukdomens progression, invasiva och sv\u00e5ra f\u00f6r prematura sp\u00e4dbarn att uth\u00e4rda. Dessa behandlingar tillgodoser inte tillr\u00e4ckligt de medicinska behoven eftersom de medf\u00f6r komplikationer och risker, s\u00e5som f\u00f6rlust av perifer syn, myopi, n\u00e4rsynthet, (gr\u00e5 starr) katarakt och ett krympt icke-fungerande \u00f6ga. P\u00e5 grund av \u00f6kad \u00f6verlevnad av f\u00f6r tidigt f\u00f6dda barn har antalet fall av ROP \u00f6kat betydligt, vilket leder till ett st\u00f6rre behov av kirurgiska ingrepp, injektioner och uppf\u00f6ljningar. Ett f\u00f6rebyggande tillv\u00e4gag\u00e5ngss\u00e4tt som reducerar uppkomst och progression av sjukdomen skulle hj\u00e4lpa till att l\u00f6sa problemet.<\/span><\/p>\n<p>&nbsp;<\/p>\n<h2><b>L\u00c4KEMEDELSKLASSAD DIPEPTIDE<\/b><\/h2>\n<p><span style=\"font-weight: 400;\">L\u00e4kemedelskandidaten IBP-1118 \u00e4r en dipeptid utvecklad under ledning av Dr. Josef Neu, professor vid University of Florida Health, Department of Pediatrics, Division of Neonatology, och Dr. Maria Grant, professor vid University of Florida Health, Department of Endocrinology, Diabetes, and Metabolism. Denna dipetid har potentialen att f\u00f6rhindra den onormala vaskulariseringenen i n\u00e4thinnan genom att fr\u00e4mja h\u00e4lsosam n\u00e4thinneutveckling och d\u00e4rigenom skydda nyf\u00f6ddas syn. F\u00f6rhoppningen \u00e4r att IBP-1118 kommer att minska eller till och med eliminera behovet av invasiva ingrepp f\u00f6r ROP och dess progression till blindhet genom att f\u00f6rhindra dess uppkomst.<\/span><br \/>\n&nbsp;<br \/>\n<span style=\"font-weight: 400;\">IBP-1118 har tilldelats \u00a0\u201dorphan drug designation\u201d av FDA, vilket ger det ans\u00f6kande f\u00f6retaget vissa f\u00f6rdelar fr\u00e5n den amerikanska staten, s\u00e5som skattereduktioner och marknadsexklusivitet, i utbyte mot utveckling av l\u00e4kemedlet. Godk\u00e4nnandet f\u00f6r\u00e4ndrar inte de vanliga regulatoriska kraven och processerna som g\u00e4ller f\u00f6r att f\u00e5 marknadsf\u00f6ringstillst\u00e5nd f\u00f6r en produkt. F\u00f6ljaktligen m\u00e5ste alla aspekter av utvecklingen unders\u00f6kas, inklusive den dokumentation av klinisk s\u00e4kerhet och effekt som kr\u00e4vs f\u00f6r godk\u00e4nnande av f\u00f6rs\u00e4ljning.<\/span><\/p>\n<h2><\/h2>\n<p>&nbsp;<\/p>\n<h2><b>LITTERATUR<\/b><\/h2>\n<h3><b>SJUKDOMSBESKRIVNING<\/b><\/h3>\n<ul>\n<li><a href=\"https:\/\/ncmedicaljournal.scholasticahq.com\/article\/54919-retinopathy-of-prematurity\/attachment\/119024.pdf\"><span style=\"font-weight: 400;\">Retinopathy of Prematurity<\/span><\/a> &#8211;\u00a0<span style=\"font-weight: 400;\">Bashinsky et al. (2017)<\/span><\/li>\n<li><a href=\"https:\/\/pubmed.ncbi.nlm.nih.gov\/24366462\/\">Retinopathy of Prematurity &#8211; Global Levels<\/a> &#8211; Blencowe et al. (2013)<\/li>\n<\/ul>\n<h3><b>IN-VITRO OCH IN-VIVO STUDIER AV DIPETIDEN IBP-1118 <\/b><\/h3>\n<ul>\n<li><a href=\"https:\/\/pubmed.ncbi.nlm.nih.gov\/16799062\/\"><span style=\"font-weight: 400;\">The dipeptide Arg-Gln inhibits retinal neovascularization in the mouse model of oxygen-induced retinopathy<\/span><\/a>\u00a0&#8211;\u00a0<span style=\"font-weight: 400;\">Neu et al. (2006)<br \/>\n<\/span><\/li>\n<li><a href=\"https:\/\/pubmed.ncbi.nlm.nih.gov\/29490339\/\"><span style=\"font-weight: 400;\">Enteral Arg-Gln Dipeptide Administration Increases Retinal Docosahexaenoic Acid and Neuroprotectin D1 in a Murine Model of Retinopathy of Prematurity<\/span><\/a><span style=\"font-weight: 400;\">\u00a0&#8211; Shaw et al. (2018)<\/span><\/li>\n<\/ul>\n","protected":false},"excerpt":{"rendered":"<p>F\u00f6rebyggandet av \u201cretinopathy of prematurity\u201d (ROP) hos prematura sp\u00e4dbarn, den fr\u00e4msta orsaken till minskad synsk\u00e4rpa och blindhet hos prematura sp\u00e4dbarn &nbsp; &nbsp; Retinopathy of Prematurity Retinopati hos prematura sp\u00e4dbarn (ROP) \u00e4r den fr\u00e4msta orsaken till blindhet och synskador hos barn. Ungef\u00e4r 50-70% av prematura sp\u00e4dbarn som v\u00e4ger mindre \u00e4n 1250 gram vid f\u00f6dseln kommer att [&hellip;]<\/p>\n","protected":false},"author":6,"featured_media":0,"parent":478,"menu_order":30,"comment_status":"closed","ping_status":"closed","template":"","meta":{"footnotes":""},"_links":{"self":[{"href":"https:\/\/ibtherapeutics.com\/sv\/wp-json\/wp\/v2\/pages\/3373"}],"collection":[{"href":"https:\/\/ibtherapeutics.com\/sv\/wp-json\/wp\/v2\/pages"}],"about":[{"href":"https:\/\/ibtherapeutics.com\/sv\/wp-json\/wp\/v2\/types\/page"}],"author":[{"embeddable":true,"href":"https:\/\/ibtherapeutics.com\/sv\/wp-json\/wp\/v2\/users\/6"}],"replies":[{"embeddable":true,"href":"https:\/\/ibtherapeutics.com\/sv\/wp-json\/wp\/v2\/comments?post=3373"}],"version-history":[{"count":5,"href":"https:\/\/ibtherapeutics.com\/sv\/wp-json\/wp\/v2\/pages\/3373\/revisions"}],"predecessor-version":[{"id":3613,"href":"https:\/\/ibtherapeutics.com\/sv\/wp-json\/wp\/v2\/pages\/3373\/revisions\/3613"}],"up":[{"embeddable":true,"href":"https:\/\/ibtherapeutics.com\/sv\/wp-json\/wp\/v2\/pages\/478"}],"wp:attachment":[{"href":"https:\/\/ibtherapeutics.com\/sv\/wp-json\/wp\/v2\/media?parent=3373"}],"curies":[{"name":"wp","href":"https:\/\/api.w.org\/{rel}","templated":true}]}}