{"id":3377,"date":"2023-05-02T09:49:17","date_gmt":"2023-05-02T07:49:17","guid":{"rendered":"https:\/\/ibtherapeutics.com\/sv\/?page_id=3377"},"modified":"2023-11-30T12:49:14","modified_gmt":"2023-11-30T11:49:14","slug":"ibp-1122","status":"publish","type":"page","link":"https:\/\/ibtherapeutics.com\/sv\/r-and-d\/ibp-1122\/","title":{"rendered":"IBP-1122"},"content":{"rendered":"<h1>F\u00f6rebyggande av antibiotikaresistenta sjukhusinfektioner<\/h1>\n<p><a href=\"https:\/\/ibtherapeutics.com\/wp-content\/uploads\/2023\/02\/Biofuels-enter-the-sustainable-fuel-mix-1920x808.jpg\"><img decoding=\"async\" class=\"alignnone wp-image-1761\" src=\"https:\/\/ibtherapeutics.com\/wp-content\/uploads\/2023\/02\/Biofuels-enter-the-sustainable-fuel-mix-1920x808.jpg\" alt=\"IBP-1122\" \/><\/a><\/p>\n<h2><\/h2>\n<p>&nbsp;<\/p>\n<h2>Vankomycinresistenta enterokocker<\/h2>\n<p><span style=\"font-weight: 400;\">Antibiotikaresistensen \u00f6kar till farliga niv\u00e5er \u00f6ver hela v\u00e4rlden, inklusive sjukhusf\u00f6rv\u00e4rvade infektioner orsakade av vankomycinresistenta enterokocker (VRE). VRE-infektioner har blivit en allvarlig folkh\u00e4lsoutmaning kopplad till komplexiteten av antibiotikaresistens, vilket resulterar i 54 000 fall och 5 000 d\u00f6dsfall bland sjukhusv\u00e5rdade patienter varje \u00e5r i USA. VRE-infektioner uppskattas orsaka \u00e5rliga sjukv\u00e5rdskostnader i USA p\u00e5 539 miljoner dollar.<\/span><br \/>\n&nbsp;<\/p>\n<h2><\/h2>\n<h2><b>NEW BIOLOGICAL ENTITY (NBE)<\/b><\/h2>\n<p><span style=\"font-weight: 400;\">IBP-1122 \u00e4r en bakteriestam som \u00e4r utvecklad f\u00f6r att eliminera VRE baserat p\u00e5 forskningsarbete av Drs. Nita Salzman, Chris Kristich och Sushma Kommineni vid Departments of Pediatrics and Microbiology &amp; Immunology p\u00e5 Medical College of Wisconsin (MCW). Viktiga egenskaper hos IBP-1122 \u00e4r att effektivt sl\u00e5 ut VRE i tarmen, utnyttja ett smalt antibakteriellt spektrum f\u00f6r att inte p\u00e5verka nyttiga tarmbakterier, och via en kortvarig kolonisering \u00f6ka s\u00e4kerheten och m\u00f6jligg\u00f6ra terapeutisk dosering.<\/span><br \/>\n&nbsp;<br \/>\n<span style=\"font-weight: 400;\">IBT har en exklusiv global licens fr\u00e5n MCW f\u00f6r plattformen som best\u00e5r av genetiskt modifierade bakterier. Att utnyttja MCW:s engagemang f\u00f6r innovativ patientv\u00e5rd med IBT:s expertis inom utvecklingen av IBP-1122 \u00e4r ett avg\u00f6rande steg f\u00f6r att lindra trycket p\u00e5 sjukhus som orsakas av enterokocker resistenta mot vancomycin.<\/span><\/p>\n<p>&nbsp;<\/p>\n<h2><\/h2>\n<h2><b>LITTERATUR<\/b><\/h2>\n<h3><b>SJUKDOMSBESKRIVNING<\/b><\/h3>\n<p><a href=\"https:\/\/www.nature.com\/articles\/nrmicro2761\"><span style=\"font-weight: 400;\">The rise of the <\/span><i><span style=\"font-weight: 400;\">Enterococcus<\/span><\/i><span style=\"font-weight: 400;\">: beyond vancomycin resistance<\/span><\/a><span style=\"font-weight: 400;\"> Arias &amp; Murray (2012)\u00a0<\/span><\/p>\n<h3><b>STUDIER AV BAKTERISTAMMEN IBP-1122<\/b><\/h3>\n<p><a href=\"https:\/\/www.nature.com\/articles\/nature15524\"><span style=\"font-weight: 400;\">Bacteriocin production augments niche competition by enterococci in the mammalian gastrointestinal tract<\/span><\/a><span style=\"font-weight: 400;\"> Kommineni et al. (2015)<\/span><\/p>\n","protected":false},"excerpt":{"rendered":"<p>F\u00f6rebyggande av antibiotikaresistenta sjukhusinfektioner &nbsp; Vankomycinresistenta enterokocker Antibiotikaresistensen \u00f6kar till farliga niv\u00e5er \u00f6ver hela v\u00e4rlden, inklusive sjukhusf\u00f6rv\u00e4rvade infektioner orsakade av vankomycinresistenta enterokocker (VRE). VRE-infektioner har blivit en allvarlig folkh\u00e4lsoutmaning kopplad till komplexiteten av antibiotikaresistens, vilket resulterar i 54 000 fall och 5 000 d\u00f6dsfall bland sjukhusv\u00e5rdade patienter varje \u00e5r i USA. VRE-infektioner uppskattas orsaka \u00e5rliga [&hellip;]<\/p>\n","protected":false},"author":6,"featured_media":0,"parent":478,"menu_order":40,"comment_status":"closed","ping_status":"closed","template":"","meta":{"footnotes":""},"_links":{"self":[{"href":"https:\/\/ibtherapeutics.com\/sv\/wp-json\/wp\/v2\/pages\/3377"}],"collection":[{"href":"https:\/\/ibtherapeutics.com\/sv\/wp-json\/wp\/v2\/pages"}],"about":[{"href":"https:\/\/ibtherapeutics.com\/sv\/wp-json\/wp\/v2\/types\/page"}],"author":[{"embeddable":true,"href":"https:\/\/ibtherapeutics.com\/sv\/wp-json\/wp\/v2\/users\/6"}],"replies":[{"embeddable":true,"href":"https:\/\/ibtherapeutics.com\/sv\/wp-json\/wp\/v2\/comments?post=3377"}],"version-history":[{"count":11,"href":"https:\/\/ibtherapeutics.com\/sv\/wp-json\/wp\/v2\/pages\/3377\/revisions"}],"predecessor-version":[{"id":4119,"href":"https:\/\/ibtherapeutics.com\/sv\/wp-json\/wp\/v2\/pages\/3377\/revisions\/4119"}],"up":[{"embeddable":true,"href":"https:\/\/ibtherapeutics.com\/sv\/wp-json\/wp\/v2\/pages\/478"}],"wp:attachment":[{"href":"https:\/\/ibtherapeutics.com\/sv\/wp-json\/wp\/v2\/media?parent=3377"}],"curies":[{"name":"wp","href":"https:\/\/api.w.org\/{rel}","templated":true}]}}