{"id":408,"date":"2015-10-26T16:50:31","date_gmt":"2015-10-26T15:50:31","guid":{"rendered":"http:\/\/ibtherapeutics.com\/dev\/?page_id=408"},"modified":"2026-02-19T10:05:12","modified_gmt":"2026-02-19T09:05:12","slug":"om-ibt","status":"publish","type":"page","link":"https:\/\/ibtherapeutics.com\/sv\/om-ibt\/","title":{"rendered":"Om IBT"},"content":{"rendered":"<p>IBT \u00e4r ett l\u00e4kemedelsf\u00f6retag vars syfte \u00e4r att utveckla och marknadsf\u00f6ra l\u00e4kemedel f\u00f6r sjukdomar som drabbar f\u00f6r tidigt f\u00f6dda barn.<\/p>\n<p>IBT:s huvudfokus \u00e4r l\u00e4kemedelskandidaten IBP-9414, en formulerad bakteriestam som finns naturligt i br\u00f6stmj\u00f6lk. IBP-9414 f\u00f6rv\u00e4ntas bli den f\u00f6rsta produkten i den nya klassen av biologiska l\u00e4kemedel som kallas \u201dLive Biotherapeutic Products\u201d f\u00f6r f\u00f6r tidigt f\u00f6dda barn. Utvecklingen av IBP-9414 befinner sig f\u00f6r n\u00e4rvarande i slutfasen.<\/p>\n<p><span style=\"font-weight: 400;\">I portf\u00f6ljen finns \u00e4ven ytterligare l\u00e4kemedelskandidater, IBP-1016, IBP-1118 samt IBP-1122. <\/span><\/p>\n<p><span style=\"font-weight: 400;\"><a href=\"https:\/\/ibtherapeutics.com\/sv\/r-and-d\/ibp-1016\/\">IBP-1016\u00a0<\/a>f\u00f6r behandling av gastroschisis, en livshotande och s\u00e4llsynt skada d\u00e4r barnet f\u00f6ds med ett utanf\u00f6rliggande tarmpaket. <\/span><\/p>\n<p><span style=\"font-weight: 400;\"><a href=\"https:\/\/ibtherapeutics.com\/sv\/r-and-d\/ibp-1118\/\">IBP-1118<\/a> f\u00f6r att f\u00f6rebygga ROP (prematur n\u00e4thinneskada), den fr\u00e4msta orsaken till blindhet hos f\u00f6r tidigt f\u00f6dda barn, samt <a href=\"https:\/\/ibtherapeutics.com\/sv\/r-and-d\/ibp-1122\/\">IBP-1122<\/a> f\u00f6r att eliminera vankomycinresistenta enterokocker (VRE), som orsakar antibiotikaresistenta sjukhusinfektioner.<\/span><\/p>\n<p><span style=\"font-weight: 400;\">Genom utvecklingen av dessa l\u00e4kemedel har IBT m\u00f6jlighet att tillfredsst\u00e4lla medicinska behov d\u00e4r det idag inte finns n\u00e5gra tillg\u00e4ngliga behandlingar.<\/span><\/p>\n<span class=\"collapseomatic \" id=\"id69f2e29076434\"  tabindex=\"0\" title=\"Read More\"    >Read More<\/span><div id=\"target-id69f2e29076434\" class=\"collapseomatic_content \">\n<p><strong>S\u00e5 h\u00e4r startade IBT<\/strong><\/p>\n<p>Eamonn Connolly, forskningschef p\u00e5 IBT under x antal \u00e5r som under m\u00e5nga \u00e5r hade bedrivit forskningsarbete kring Lactobacillus reuteri p\u00e5 BioGaia, hade genom \u00e5ren noterat ett \u00f6kat behov och intresse bland l\u00e4kare runt om i v\u00e4rlden f\u00f6r att anv\u00e4nda Lactobacillus reuteri p\u00e5 f\u00f6r tidigt f\u00f6dda barn. BioGaias produkter var dock inte avsedda f\u00f6r f\u00f6rtidigt f\u00f6dda barn eller som l\u00e4kemedel f\u00f6r specifika sjukdomar. N\u00e4r Staffan Str\u00f6mberg, VD p\u00e5 IBT, b\u00f6rjade arbeta p\u00e5 BioGaia s\u00e5g han och Eamonn Connolly m\u00f6jligheten att , med deras m\u00e5ng\u00e5riga erfarenhet fr\u00e5n l\u00e4kemedelsbranschen, tillgodose det stora medicinska behovet genom ett farmaceutiskt utvecklat s\u00e4rl\u00e4kemedel.<\/p>\n<p>Tillsammans med Staffan Str\u00f6mberg och Eamonn Connolly p\u00e5b\u00f6rjade BioGaia 2013 verksamheten i ett dotterbolag till BioGaia, n\u00e4mligen IBT, som genom att helt fokusera p\u00e5 utvecklingen av l\u00e4kemedel f\u00f6r f\u00f6r tidigt f\u00f6dda barn, differentierar sig fr\u00e5n moderbolaget BioGaia. Den 18 mars 2016 beslutade BioGaia om en avknoppning av IBT genom en utdelning av samtliga BioGaias aktier i IBT till aktie\u00e4garna i BioGaia. Den 29 mars 2016 upptogs IBT:s aktier av serie B till handel p\u00e5 Nasdaq First North.<\/p>\n<\/div>\n","protected":false},"excerpt":{"rendered":"<p>IBT \u00e4r ett l\u00e4kemedelsf\u00f6retag vars syfte \u00e4r att utveckla och marknadsf\u00f6ra l\u00e4kemedel f\u00f6r sjukdomar som drabbar f\u00f6r tidigt f\u00f6dda barn. IBT:s huvudfokus \u00e4r l\u00e4kemedelskandidaten IBP-9414, en formulerad bakteriestam som finns naturligt i br\u00f6stmj\u00f6lk. IBP-9414 f\u00f6rv\u00e4ntas bli den f\u00f6rsta produkten i den nya klassen av biologiska l\u00e4kemedel som kallas \u201dLive Biotherapeutic Products\u201d f\u00f6r f\u00f6r tidigt f\u00f6dda [&hellip;]<\/p>\n","protected":false},"author":1,"featured_media":0,"parent":0,"menu_order":1,"comment_status":"open","ping_status":"closed","template":"","meta":{"footnotes":""},"_links":{"self":[{"href":"https:\/\/ibtherapeutics.com\/sv\/wp-json\/wp\/v2\/pages\/408"}],"collection":[{"href":"https:\/\/ibtherapeutics.com\/sv\/wp-json\/wp\/v2\/pages"}],"about":[{"href":"https:\/\/ibtherapeutics.com\/sv\/wp-json\/wp\/v2\/types\/page"}],"author":[{"embeddable":true,"href":"https:\/\/ibtherapeutics.com\/sv\/wp-json\/wp\/v2\/users\/1"}],"replies":[{"embeddable":true,"href":"https:\/\/ibtherapeutics.com\/sv\/wp-json\/wp\/v2\/comments?post=408"}],"version-history":[{"count":62,"href":"https:\/\/ibtherapeutics.com\/sv\/wp-json\/wp\/v2\/pages\/408\/revisions"}],"predecessor-version":[{"id":4353,"href":"https:\/\/ibtherapeutics.com\/sv\/wp-json\/wp\/v2\/pages\/408\/revisions\/4353"}],"wp:attachment":[{"href":"https:\/\/ibtherapeutics.com\/sv\/wp-json\/wp\/v2\/media?parent=408"}],"curies":[{"name":"wp","href":"https:\/\/api.w.org\/{rel}","templated":true}]}}