{"id":415,"date":"2015-10-27T15:30:57","date_gmt":"2015-10-27T14:30:57","guid":{"rendered":"http:\/\/ibtherapeutics.com\/dev\/?page_id=415"},"modified":"2019-04-11T14:36:04","modified_gmt":"2019-04-11T12:36:04","slug":"the-team","status":"publish","type":"page","link":"https:\/\/ibtherapeutics.com\/sv\/om-ibt\/the-team\/","title":{"rendered":"Ledningen"},"content":{"rendered":"<h1>Ledningen<\/h1>\n<div class=\"members cf\"><div class=\"member cf\"><img src=\"https:\/\/ibtherapeutics.com\/sv\/wp-content\/uploads\/2018\/05\/staffan_stromberg_ceo_.jpeg\" class=\"picture\" alt=\"Staffan Str\u00f6mberg, Ph.D.\" \/><h2>Staffan Str\u00f6mberg, Ph.D.<\/h2><h3>Verkst\u00e4llande direkt\u00f6r sedan 2013. F\u00f6dd 1967.<\/h3>Masterexamen i kemiteknik och doktorsexamen i organisk kemi fr\u00e5n Kungliga Tekniska H\u00f6gskolan i Stockholm.<br \/>\r\n<br \/>\r\nStaffan Str\u00f6mberg har mer \u00e4n 20 \u00e5rs erfarenhet i l\u00e4kemedelsindustrin. F\u00f6rutom position p\u00e5 Billerud Tenova Bioplastics och vid L\u00e4kemedelsverket har han varit vice vd f\u00f6r NicOx France, haft ett antal projektledaruppdrag p\u00e5 AstraZeneca och varit chef f\u00f6r forskning och utveckling p\u00e5 Swedish Orphan. Styrelseledamot i Eteboxagu AB.<br \/>\r\nTidigare vd f\u00f6r Billerud Tenova Bioplastics AB och chef f\u00f6r enheten f\u00f6r medicinteknik p\u00e5 L\u00e4kemedelsverket.<br \/>\r\n<br \/>\r\nAktieinnehav i bolaget: 51 873 aktier av serie B och 55 037 aktier av serie B via det hel\u00e4gda bolaget Eteboxagu AB, samt 50 000 teckningsoptioner 2023\/2026, 50 000 teckningsoptioner 2024\/2027 och 65 000 personaloptioner 2025\/2028.<br \/>\r\n<br \/>\r\n<\/div><div class=\"member cf\"><img src=\"https:\/\/ibtherapeutics.com\/sv\/wp-content\/uploads\/2018\/05\/Snapseed.jpg\" class=\"picture\" alt=\"Anders Kronstr\u00f6m, M.Sc., M.B.A.\" \/><h2>Anders Kronstr\u00f6m, M.Sc., M.B.A.<\/h2><h3>Chief Operating Officer sedan 2018. F\u00f6dd 1967.<\/h3>Anders Kronstr\u00f6m har \u00f6ver 25 \u00e5rs erfarenhet inom l\u00e4kemedelsindustrin. Hans erfarenhet sp\u00e4nner \u00f6ver alla stadier av l\u00e4kemedelsutveckling av olika sjukdomar. Under sin karri\u00e4r p\u00e5 AstraZeneca har han haft ledande befattningar inom projektledning och aff\u00e4rsutveckling.<br \/>\r\n<br \/>\r\nUnder senare \u00e5r har Anders jobbat med flera mindre bioteknikf\u00f6retag som VD f\u00f6r Biosergen AS, ett norskt bioteknikf\u00f6retag.<br \/>\r\n<br \/>\r\nAktie\u00e4gande i Bolaget: 11 194 B-aktier samt 25 000 teckningsoptioner 2023\/2026, 25 000 teckningsoptioner 2024\/2027 och 32 500 personaloptioner 2025\/2028.<br \/>\r\n<\/div><div class=\"member cf\"><img src=\"https:\/\/ibtherapeutics.com\/sv\/wp-content\/uploads\/2022\/09\/IMG-4473-e1674039435930.jpg\" class=\"picture\" alt=\"Maria Ekdahl\" \/><h2>Maria Ekdahl<\/h2><h3>Chief Financial Officer sedan 2022. F\u00f6dd 1973<\/h3>Maria har fler\u00e5rig finansiell bakgrund inom b\u00e5de redovisning och aff\u00e4rscontrolling. Hon har erfarenhet inom olika organisationer som Coca-Cola, Telenor, Karolinska sjukhuset och Svenska Filminstitutet.<br \/>\r\n<br \/>\r\nAktieinnehav i bolaget: 3 452 B-aktier samt 25 000 teckningsoptioner 2023\/2026, 25 000 teckningsoptioner 2024\/2027 och 32 500 personaloptioner 2025\/2028.<\/div><div class=\"member cf\"><img src=\"https:\/\/ibtherapeutics.com\/sv\/wp-content\/uploads\/2018\/05\/tom.jpg\" class=\"picture\" alt=\"Thomas J. Schnitzer, MD, PhD\" \/><h2>Thomas J. Schnitzer, MD, PhD<\/h2><h3>CHIEF SCIENTIFIC OFFICER<\/h3>Dr. Schnitzer \u00e4r professor vid Northwestern University Feinberg School of Medicine d\u00e4r han grundade och ledde Office of Clinical Research och tj\u00e4nstgjorde som bitr\u00e4dande dekan f\u00f6r klinisk forskning. Han har r\u00e5dgivit m\u00e5nga l\u00e4kemedels- och bioteknikf\u00f6retag, genom v\u00e4gledning i utformning, genomf\u00f6rande och analys av kliniska studier av nya l\u00e4kemedel. Han har en Master titel p\u00e5 American College of Rheumatology, tj\u00e4nstgjord p\u00e5 redaktionen i flera tidskrifter och har publicerat \u00f6ver 200 peer-reviewed publikationer.<br \/>\r\n<br \/>\r\nAktie\u00e4gande i bolaget: 7 000 teckningsoptioner 2024\/2027.<\/div><div class=\"member cf\"><img src=\"https:\/\/ibtherapeutics.com\/sv\/wp-content\/uploads\/2024\/03\/Subject-1-e1709675247243.png\" class=\"picture\" alt=\"Sanjiv Sharma, M.B.A.\" \/><h2>Sanjiv Sharma, M.B.A.<\/h2><h3>Head of Medical Affairs<\/h3>Sanjiv har en blandning av framg\u00e5ngsrik erfarenhet i stora, medelstora och nystartade f\u00f6retag i Nordamerika och Asien, med nationellt och globalt ansvar f\u00f6r f\u00f6retag som Sanofi och nystartade f\u00f6retag \u2013 NicOx och Duchesnay USA.<br \/>\r\n<br \/>\r\nAktie\u00e4gande i bolaget: 7 000 teckningsoptioner 2024\/2027.<\/div><\/div>\n","protected":false},"excerpt":{"rendered":"<p>Ledningen<\/p>\n","protected":false},"author":1,"featured_media":0,"parent":408,"menu_order":8,"comment_status":"open","ping_status":"closed","template":"","meta":{"footnotes":""},"_links":{"self":[{"href":"https:\/\/ibtherapeutics.com\/sv\/wp-json\/wp\/v2\/pages\/415"}],"collection":[{"href":"https:\/\/ibtherapeutics.com\/sv\/wp-json\/wp\/v2\/pages"}],"about":[{"href":"https:\/\/ibtherapeutics.com\/sv\/wp-json\/wp\/v2\/types\/page"}],"author":[{"embeddable":true,"href":"https:\/\/ibtherapeutics.com\/sv\/wp-json\/wp\/v2\/users\/1"}],"replies":[{"embeddable":true,"href":"https:\/\/ibtherapeutics.com\/sv\/wp-json\/wp\/v2\/comments?post=415"}],"version-history":[{"count":13,"href":"https:\/\/ibtherapeutics.com\/sv\/wp-json\/wp\/v2\/pages\/415\/revisions"}],"predecessor-version":[{"id":2510,"href":"https:\/\/ibtherapeutics.com\/sv\/wp-json\/wp\/v2\/pages\/415\/revisions\/2510"}],"up":[{"embeddable":true,"href":"https:\/\/ibtherapeutics.com\/sv\/wp-json\/wp\/v2\/pages\/408"}],"wp:attachment":[{"href":"https:\/\/ibtherapeutics.com\/sv\/wp-json\/wp\/v2\/media?parent=415"}],"curies":[{"name":"wp","href":"https:\/\/api.w.org\/{rel}","templated":true}]}}