{"id":478,"date":"2015-11-23T15:15:52","date_gmt":"2015-11-23T14:15:52","guid":{"rendered":"http:\/\/ibtherapeutics.com\/dev\/?page_id=478"},"modified":"2026-02-20T10:55:59","modified_gmt":"2026-02-20T09:55:59","slug":"r-and-d","status":"publish","type":"page","link":"https:\/\/ibtherapeutics.com\/sv\/r-and-d\/","title":{"rendered":"Pipeline"},"content":{"rendered":"<h1>Infant Bacterial Therapeutics fokusomr\u00e5den<\/h1>\n<p><img decoding=\"async\" class=\"wp-image-1761 aligncenter\" src=\"https:\/\/ibtherapeutics.com\/sv\/wp-content\/uploads\/2023\/05\/Green-Pastel-Minimalist-Perfect-Job-Venn-Diagram-Graph-13-e1683026298296.png\" alt=\"Pipeline\" \/><\/p>\n<h1><\/h1>\n<h1>Produktportf\u00f6lj<\/h1>\n<h3>IBT:s PRODUKTPORTF\u00d6LJ INKLUDERAR FYRA UTVECKLINGSPROGRAM:<\/h3>\n<h3 style=\"padding-left: 30px;\">IBP-9414<\/h3>\n<p style=\"padding-left: 30px;\">F\u00f6rm\u00e5gan att reducera mortaliteten hos de f\u00f6r tidigt f\u00f6dda barnen.<\/p>\n<h3 style=\"padding-left: 30px;\">IBP-1016<\/h3>\n<p style=\"padding-left: 30px;\">Behandling av gastroschisis.<\/p>\n<h3 style=\"padding-left: 30px;\">IBP-1118<\/h3>\n<p style=\"padding-left: 30px;\">F\u00f6rebyggandet av retinopathy of prematurity (ROP).<\/p>\n<h3 style=\"padding-left: 30px;\">IBP-1122<\/h3>\n<p style=\"padding-left: 30px;\">F\u00f6rebyggande av sjukhusf\u00f6rv\u00e4rvade infektioner orsakade av vancomycinresistenta enterokocker.<\/p>\n<p><a href=\"https:\/\/ibtherapeutics.com\/sv\/wp-content\/uploads\/2026\/02\/Pipeline-SV.jpg\"><img decoding=\"async\" loading=\"lazy\" class=\"alignnone size-full wp-image-4398\" src=\"https:\/\/ibtherapeutics.com\/sv\/wp-content\/uploads\/2026\/02\/Pipeline-SV.jpg\" alt=\"Pipeline\" width=\"1101\" height=\"401\" srcset=\"https:\/\/ibtherapeutics.com\/sv\/wp-content\/uploads\/2026\/02\/Pipeline-SV.jpg 1101w, https:\/\/ibtherapeutics.com\/sv\/wp-content\/uploads\/2026\/02\/Pipeline-SV-300x109.jpg 300w, https:\/\/ibtherapeutics.com\/sv\/wp-content\/uploads\/2026\/02\/Pipeline-SV-1024x373.jpg 1024w, https:\/\/ibtherapeutics.com\/sv\/wp-content\/uploads\/2026\/02\/Pipeline-SV-768x280.jpg 768w\" sizes=\"(max-width: 1101px) 100vw, 1101px\" \/><\/a><\/p>\n<p>IBP-9414 \u00e4r IBT:s fr\u00e4msta l\u00e4kemedelskandidat.Utvecklingsplanen f\u00f6r IBP-9414 bestod av tv\u00e5 kliniska studier: s\u00e4kerhets- och toleransstudien samt pivotala fas III-studien, \u201cThe Connection Study\u201d.<\/p>\n<p>I fas III-studien (\u201cThe Connection Study\u201d) p\u00e5 f\u00f6r tidigt f\u00f6dda barn som avslutades i juli 2024, uppvisade den grupp som behandlades med IBP-9414 en signifikant minskning av total d\u00f6dlighet med 27 % j\u00e4mf\u00f6rt med placebogruppen, vilket inneb\u00e4r att en utbredd anv\u00e4ndning av IBP-9414 skulle kunna r\u00e4dda mer \u00e4n 1 000 patienter \u00e5rligen enbart i USA. Behandlingen har f\u00e5tt b\u00e5de beteckningen \u201dBreakthrough Therapy\u201d (mars 2025) f\u00f6r gastrointestinal d\u00f6dlighet och beteckningen \u201dRare Paediatric Disease\u201d, vilket \u00e5terspeglar dess potential att tillgodose ett betydande icke tillfredsst\u00e4llt medicinskt behov.<\/p>\n","protected":false},"excerpt":{"rendered":"<p>Infant Bacterial Therapeutics fokusomr\u00e5den Produktportf\u00f6lj IBT:s PRODUKTPORTF\u00d6LJ INKLUDERAR FYRA UTVECKLINGSPROGRAM: IBP-9414 F\u00f6rm\u00e5gan att reducera mortaliteten hos de f\u00f6r tidigt f\u00f6dda barnen. IBP-1016 Behandling av gastroschisis. IBP-1118 F\u00f6rebyggandet av retinopathy of prematurity (ROP). IBP-1122 F\u00f6rebyggande av sjukhusf\u00f6rv\u00e4rvade infektioner orsakade av vancomycinresistenta enterokocker. IBP-9414 \u00e4r IBT:s fr\u00e4msta l\u00e4kemedelskandidat.Utvecklingsplanen f\u00f6r IBP-9414 bestod av tv\u00e5 kliniska studier: s\u00e4kerhets- och [&hellip;]<\/p>\n","protected":false},"author":1,"featured_media":0,"parent":0,"menu_order":0,"comment_status":"open","ping_status":"closed","template":"","meta":{"footnotes":""},"_links":{"self":[{"href":"https:\/\/ibtherapeutics.com\/sv\/wp-json\/wp\/v2\/pages\/478"}],"collection":[{"href":"https:\/\/ibtherapeutics.com\/sv\/wp-json\/wp\/v2\/pages"}],"about":[{"href":"https:\/\/ibtherapeutics.com\/sv\/wp-json\/wp\/v2\/types\/page"}],"author":[{"embeddable":true,"href":"https:\/\/ibtherapeutics.com\/sv\/wp-json\/wp\/v2\/users\/1"}],"replies":[{"embeddable":true,"href":"https:\/\/ibtherapeutics.com\/sv\/wp-json\/wp\/v2\/comments?post=478"}],"version-history":[{"count":49,"href":"https:\/\/ibtherapeutics.com\/sv\/wp-json\/wp\/v2\/pages\/478\/revisions"}],"predecessor-version":[{"id":4399,"href":"https:\/\/ibtherapeutics.com\/sv\/wp-json\/wp\/v2\/pages\/478\/revisions\/4399"}],"wp:attachment":[{"href":"https:\/\/ibtherapeutics.com\/sv\/wp-json\/wp\/v2\/media?parent=478"}],"curies":[{"name":"wp","href":"https:\/\/api.w.org\/{rel}","templated":true}]}}