{"id":622,"date":"2018-09-09T12:00:42","date_gmt":"2018-09-09T10:00:42","guid":{"rendered":"http:\/\/ibtherapeutics.com\/?page_id=622"},"modified":"2018-09-09T12:02:52","modified_gmt":"2018-09-09T10:02:52","slug":"investerare","status":"publish","type":"page","link":"https:\/\/ibtherapeutics.com\/sv\/investerare\/","title":{"rendered":"Investerare &#038; media"},"content":{"rendered":"<p>H\u00e4r hittar du finansiell information relaterad till Infant Bacterial Therapeutics AB.<\/p>\n<p>&nbsp;<\/p>\n<p>Infant Bacterial Therapeutics ABs serie B-aktier noterades p\u00e5 Nasdaq Stockholm First North den 29 mars 2016 och godk\u00e4ndes f\u00f6r notering p\u00e5 Nasdaq Stockholm fr\u00e5n den 10 september 2018.<\/p>\n","protected":false},"excerpt":{"rendered":"<p>H\u00e4r hittar du finansiell information relaterad till Infant Bacterial Therapeutics AB. &nbsp; Infant Bacterial Therapeutics ABs serie B-aktier noterades p\u00e5 Nasdaq Stockholm First North den 29 mars 2016 och godk\u00e4ndes f\u00f6r notering p\u00e5 Nasdaq Stockholm fr\u00e5n den 10 september 2018.<\/p>\n","protected":false},"author":3,"featured_media":0,"parent":0,"menu_order":0,"comment_status":"open","ping_status":"closed","template":"","meta":{"footnotes":""},"_links":{"self":[{"href":"https:\/\/ibtherapeutics.com\/sv\/wp-json\/wp\/v2\/pages\/622"}],"collection":[{"href":"https:\/\/ibtherapeutics.com\/sv\/wp-json\/wp\/v2\/pages"}],"about":[{"href":"https:\/\/ibtherapeutics.com\/sv\/wp-json\/wp\/v2\/types\/page"}],"author":[{"embeddable":true,"href":"https:\/\/ibtherapeutics.com\/sv\/wp-json\/wp\/v2\/users\/3"}],"replies":[{"embeddable":true,"href":"https:\/\/ibtherapeutics.com\/sv\/wp-json\/wp\/v2\/comments?post=622"}],"version-history":[{"count":33,"href":"https:\/\/ibtherapeutics.com\/sv\/wp-json\/wp\/v2\/pages\/622\/revisions"}],"predecessor-version":[{"id":2311,"href":"https:\/\/ibtherapeutics.com\/sv\/wp-json\/wp\/v2\/pages\/622\/revisions\/2311"}],"wp:attachment":[{"href":"https:\/\/ibtherapeutics.com\/sv\/wp-json\/wp\/v2\/media?parent=622"}],"curies":[{"name":"wp","href":"https:\/\/api.w.org\/{rel}","templated":true}]}}