{"id":634,"date":"2016-03-01T13:23:29","date_gmt":"2016-03-01T12:23:29","guid":{"rendered":"http:\/\/ibtherapeutics.com\/?page_id=634"},"modified":"2026-04-16T10:21:10","modified_gmt":"2026-04-16T08:21:10","slug":"articles-of-association","status":"publish","type":"page","link":"https:\/\/ibtherapeutics.com\/sv\/investerare\/articles-of-association\/","title":{"rendered":"Bolagsstyrning"},"content":{"rendered":"<p>IBT \u00e4r ett svenskt aktiebolag, vars B-aktier \u00e4r noterade p\u00e5 Nasdaq Stockholm. Styrningen av bolaget sker via bolagsst\u00e4mman, styrelsen, verkst\u00e4llande direkt\u00f6ren och bolagsledningen i enlighet med aktiebolagslagen, bolagsordningen, arbetsordning f\u00f6r styrelsen samt VD-instruktion och Svensk Kod f\u00f6r Bolagsstyrning.\u00a0 Styrelsen \u00e4r ansvarig f\u00f6r utv\u00e4rdering av fastst\u00e4llda m\u00e5l och fortl\u00f6pande utv\u00e4rdera IBTs finansiella st\u00e4llning och resultat samt utv\u00e4rdera den operativa ledningen.<\/p>\n<p>IBT kommer att redovisa eventuella avvikelser fr\u00e5n Koden i bolagets bolagsstyrningsrapport.<\/p>\n<h2><a href=\"#bolagst\u00e4mma\">Bolagsst\u00e4mma<\/a><\/h2>\n<h2><a href=\"#valberedning\">Valberedning<\/a><\/h2>\n<h2><a href=\"https:\/\/ibtherapeutics.com\/sv\/om-ibt\/board-of-directors\/\">Styrelsen<\/a><\/h2>\n<h2><a href=\"https:\/\/ibtherapeutics.com\/sv\/om-ibt\/the-team\/\">Ledningen<\/a><\/h2>\n<h2><a href=\"#internkontroll\">Intern kontroll<\/a><\/h2>\n<h2><a href=\"#bolagsordning\">Bolagsordning<\/a><\/h2>\n<h2><a href=\"#revisorer\">Revisorer<\/a><\/h2>\n<h2><a href=\"#revisorer\">Visselbl\u00e5sning<\/a><\/h2>\n<h2 id=\"revisorer\"><\/h2>\n<h2 id=\"bolagst\u00e4mma\">Bolagsst\u00e4mma<\/h2>\n<h3>Bolagsst\u00e4mma 2026<\/h3>\n<p>7 maj 2026<\/p>\n<p><a href=\"https:\/\/ibtherapeutics.com\/sv\/wp-content\/uploads\/2026\/03\/IBT-AGM-2026-Kallelse-sv.pdf\" target=\"_blank\" rel=\"noopener\">Kallelse<\/a><\/p>\n<p><a href=\"https:\/\/ibtherapeutics.com\/sv\/wp-content\/uploads\/2026\/04\/Revisorsyttrande-ledande-befattningshavare-2025.pdf\" target=\"_blank\" rel=\"noopener\">Revisorsyttrande ledande befattningshavare<\/a><\/p>\n<p><a href=\"https:\/\/ibtherapeutics.com\/sv\/wp-content\/uploads\/2026\/03\/IBT-AGM-2026-Valberedningens-motivering-.pdf\" target=\"_blank\" rel=\"noopener\">Valberedningens motivering<\/a><\/p>\n<p><a href=\"https:\/\/ibtherapeutics.com\/sv\/wp-content\/uploads\/2026\/03\/IBT-AGM-2026-Fullmaktsformular-sv.pdf\" target=\"_blank\" rel=\"noopener\">Fullmaktsformul\u00e4r<\/a><\/p>\n<p><a href=\"https:\/\/ibtherapeutics.com\/sv\/wp-content\/uploads\/2026\/04\/Styrelsens-forslag-till-beslut-om-inforande-av-ett-personaloptionsprogram-.pdf\" target=\"_blank\" rel=\"noopener\">Styrelsens fo\u0308rslag till beslut om info\u0308rande av ett personaloptionsprogram<\/a><\/p>\n<p><a href=\"https:\/\/ibtherapeutics.com\/sv\/wp-content\/uploads\/2026\/03\/IBT-Ersattningsrapport-2025.pdf\" target=\"_blank\" rel=\"noopener\">Ers\u00e4ttningsrapport 2025<\/a><\/p>\n<h3>Bolagsst\u00e4mma 2025<\/h3>\n<p>8 maj 2025<\/p>\n<p><a href=\"https:\/\/ibtherapeutics.com\/sv\/wp-content\/uploads\/2025\/04\/IBT-AGM-2025-Kallelse-sv-2.pdf\">Kallelse <\/a><\/p>\n<p><a href=\"https:\/\/ibtherapeutics.com\/sv\/wp-content\/uploads\/2025\/04\/IBT-AGM-2025-Valberedningens-forslag-1.pdf\">Valberednings motivering <\/a><\/p>\n<p><a href=\"https:\/\/ibtherapeutics.com\/sv\/wp-content\/uploads\/2025\/04\/IBT-AGM-2025-Fullmaktsformular-sv-1.pdf\">Fullmaktsformul\u00e4r<\/a><\/p>\n<p><a href=\"https:\/\/ibtherapeutics.com\/wp-content\/uploads\/2025\/04\/IBT-AGM-2025-Fullstandigt-beslutsforslag-sv.pdf\">Punkt 18 &#8211; Styrelsens f\u00f6rslag till beslut om inf\u00f6rande av ett personaloptionsprogram\u00a0<\/a><\/p>\n<p><a href=\"https:\/\/ibtherapeutics.com\/sv\/wp-content\/uploads\/2025\/04\/IBT-Ersattningsrapport-2024-1.pdf\">IBT Ers\u00e4ttningsrapport 2024<\/a><\/p>\n<p><a href=\"https:\/\/ibtherapeutics.com\/sv\/wp-content\/uploads\/2025\/04\/Revisornsyttrande-ledande-befattningshavare-2024-1.pdf\">Revisorsyttrande ledande befattningshavare 2024<\/a><\/p>\n<p>IBT &#8211; AGM 2025 &#8211; Protoko<a href=\"https:\/\/ibtherapeutics.com\/sv\/wp-content\/uploads\/2025\/05\/IBT-AGM-2025-Protokoll-exkl.-rostlangd.pdf\">ll (exkl. r\u00f6stl\u00e4n<\/a>gd)<\/p>\n<h3>Bolagsst\u00e4mma 2024<\/h3>\n<p>8 maj 2024<\/p>\n<p><a href=\"https:\/\/ibtherapeutics.com\/sv\/wp-content\/uploads\/2024\/05\/Protokoll-Arsstamma-240508.pdf\">Protokoll \u00c5rsst\u00e4mman 2024<\/a><\/p>\n<p><a href=\"https:\/\/ibtherapeutics.com\/sv\/wp-content\/uploads\/2024\/04\/IBT-AGM-2024-Kallelse-sv.pdf\">IBT Kallelse AGM 2024<\/a><\/p>\n<p><a href=\"https:\/\/ibtherapeutics.com\/sv\/wp-content\/uploads\/2024\/04\/IBT-AGM-2024-Valberedningens-motivering-sv.pdf\">Valberednings motivering 2024<\/a><\/p>\n<p><a href=\"https:\/\/ibtherapeutics.com\/sv\/wp-content\/uploads\/2024\/04\/IBT-AGM-2024-Fullmaktsformular-sv.pdf\">Fullmaktsformul\u00e4r<\/a><\/p>\n<p><a href=\"https:\/\/ibtherapeutics.com\/sv\/wp-content\/uploads\/2024\/04\/IBT-AGM-2024-Fullstandigt-beslutsforslag-LTIP-sv.pdf\">Punkt 18 &#8211; Styrelsens fo\u0308rslag till beslut om info\u0308rande av incitamentsprogram<\/a><\/p>\n<p><a href=\"https:\/\/ibtherapeutics.com\/sv\/wp-content\/uploads\/2024\/04\/IBT-Ersattningsrapport-2023.pdf\">IBT Ers\u00e4ttningsrapport 2023<\/a><\/p>\n<p><a href=\"https:\/\/ibtherapeutics.com\/sv\/wp-content\/uploads\/2024\/04\/Revisorsyttrande-ledande-befattningshavare-2023-1.pdf\">Revisorsyttrande ledande befattningshavare 2023<\/a><\/p>\n<h3>Extra bolagsst\u00e4mma 2023<\/h3>\n<p>9 juni 2023<\/p>\n<p><a href=\"https:\/\/ibtherapeutics.com\/sv\/wp-content\/uploads\/2023\/05\/Emissionsbeslut-sv-1-1.pdf\">Styrelsens emissionsbeslut<\/a><\/p>\n<p><a href=\"https:\/\/ibtherapeutics.com\/sv\/wp-content\/uploads\/2023\/05\/Styrelsens-redogo\u0308relse-13_6-sv-1.pdf\">Styrelsens redog\u00f6relse<\/a><\/p>\n<p><a href=\"https:\/\/ibtherapeutics.com\/sv\/wp-content\/uploads\/2023\/05\/Revisorsyttrande-13-6-2023.05.16.pdf\">Revisorsyttrande<\/a><\/p>\n<p><a href=\"https:\/\/ibtherapeutics.com\/sv\/wp-content\/uploads\/2023\/05\/Fo\u0308rhandsro\u0308stningsformula\u0308r-sv-1-1.pdf\">F\u00f6rhandsr\u00f6stningsformul\u00e4r<\/a><\/p>\n<p><a href=\"https:\/\/ibtherapeutics.com\/sv\/wp-content\/uploads\/2023\/05\/Fullmaktsformula\u0308r.pdf\">Fullmaktsformul\u00e4r<\/a><\/p>\n<p><a href=\"https:\/\/ibtherapeutics.com\/sv\/wp-content\/uploads\/2023\/05\/Kallelse-EGM-sv.pdf\">IBT Kallelse EGM 2023<\/a><\/p>\n<p><a href=\"https:\/\/ibtherapeutics.com\/wp-content\/uploads\/2023\/06\/EGM-2023-Protokoll-exkl_-ro\u0308stla\u0308ngd.PDF-1.pdf\">EGM 2023 Protokoll<\/a><\/p>\n<h3>Bolagsst\u00e4mma 2023<\/h3>\n<p>8 maj 2023<\/p>\n<p><a href=\"https:\/\/ibtherapeutics.com\/sv\/wp-content\/uploads\/2023\/05\/IBT-AGM-2023-Protokoll-exkl.-ro\u0308stla\u0308ngd-1.pdf\">Protokoll \u00c5rsst\u00e4mman 2023<\/a><\/p>\n<p><a href=\"https:\/\/ibtherapeutics.com\/sv\/wp-content\/uploads\/2023\/04\/IBT-AGM-2023-Kallelse-sv.pdf\">IBT Kallelse AGM 2023<\/a><\/p>\n<p><a href=\"https:\/\/ibtherapeutics.com\/sv\/wp-content\/uploads\/2023\/04\/AGM-2023-Valberedningens-motivering-sv.pdf\">Valberednings motivering 2023<\/a><\/p>\n<p><a href=\"https:\/\/ibtherapeutics.com\/sv\/wp-content\/uploads\/2023\/04\/AGM-2023-Fullmaktsformula\u0308r-sv.pdf\">Fullmaktsformul\u00e4r<\/a><\/p>\n<p><a href=\"https:\/\/ibtherapeutics.com\/sv\/wp-content\/uploads\/2023\/04\/Punkt-19.-Styrelsens-fo\u0308rslag-till-beslut-om-info\u0308rande-av-incitamentsprogram-.pdf\">Punkt 19 &#8211; Styrelsens fo\u0308rslag till beslut om info\u0308rande av incitamentsprogram<\/a><\/p>\n<p><a href=\"https:\/\/ibtherapeutics.com\/sv\/wp-content\/uploads\/2023\/04\/Ny-bolagsordning-sv.pdf\">IBT &#8211; Ny bolagsordning<\/a><\/p>\n<p><a href=\"https:\/\/ibtherapeutics.com\/sv\/wp-content\/uploads\/2023\/04\/IBTErsa\u0308ttningsrapport-2022.pdf\">IBT Ers\u00e4ttningsrapport 2022<\/a><\/p>\n<p><a href=\"https:\/\/ibtherapeutics.com\/sv\/wp-content\/uploads\/2023\/04\/Revisorsyttrande-ledande-befattningshavare-2022-2.pdf\">Revisorsyttrande ledande befattningshavare 2022<\/a><\/p>\n<h3>Bolagsst\u00e4mma 2022<\/h3>\n<p>4 maj 2022<\/p>\n<p><a href=\"https:\/\/ibtherapeutics.com\/sv\/wp-content\/uploads\/2022\/05\/IBT-Protokoll-AGM-2022-exkl.-ro\u0308stla\u0308ngd.pdf\">Protokoll \u00c5rsst\u00e4mman 2022<\/a><\/p>\n<p><a href=\"https:\/\/ibtherapeutics.com\/sv\/wp-content\/uploads\/2022\/04\/PR-IBT_Kallelse_AGM_2022-SVE.pdf\">IBT Kallelse AGM 2022<\/a><\/p>\n<p><a href=\"https:\/\/ibtherapeutics.com\/sv\/wp-content\/uploads\/2022\/04\/Valberedningens_motivering_2022_sv.pdf\">Valberednings motivering 2022<\/a><\/p>\n<p><a href=\"https:\/\/ibtherapeutics.com\/sv\/wp-content\/uploads\/2022\/04\/Forhandsrostningsformular_AGM_2022_sv.pdf\">IBT Formula\u0308r_fo\u0308rhandsro\u0308stning<\/a><\/p>\n<p><a href=\"https:\/\/ibtherapeutics.com\/sv\/wp-content\/uploads\/2022\/04\/Fullmaktsformular_AGM_2022_sv.pdf\">Fullmaktsformul\u00e4r<\/a><\/p>\n<p><a href=\"https:\/\/ibtherapeutics.com\/sv\/wp-content\/uploads\/2022\/04\/Punkt-17-Styrelsens-fo\u0308rslag-till-beslut-om-info\u0308rande-av-incitamentsprogram.pdf\">Punkt 17 &#8211; Styrelsens fo\u0308rslag till beslut om info\u0308rande av incitamentsprogram<\/a><\/p>\n<p><a href=\"https:\/\/ibtherapeutics.com\/sv\/wp-content\/uploads\/2022\/04\/Bilaga-A-Villkor-fo\u0308r-teckningsoptioner-2022_2025.pdf\">Bilaga A, Villkor fo\u0308r teckningsoptioner 2022-2025<\/a><\/p>\n<p><a href=\"https:\/\/ibtherapeutics.com\/sv\/wp-content\/uploads\/2022\/04\/IBTErsa\u0308ttningsrapport_2021.pdf\">IBT Ersa\u0308ttningsrapport 2021<\/a><\/p>\n<p><a href=\"https:\/\/ibtherapeutics.com\/sv\/wp-content\/uploads\/2022\/04\/Revisorsyttrande-ledande-befattningshavare-2021.pdf\">Revisorsyttrande ledande befattningshavare 2021<\/a><\/p>\n<h3><\/h3>\n<h3>Bolagsst\u00e4mma 2021<\/h3>\n<p>4 maj 2021<\/p>\n<p><a href=\"https:\/\/ibtherapeutics.com\/sv\/wp-content\/uploads\/2021\/04\/SWE-Valberednings-yttrande-2021.pdf\">Valberednings motivering 2021<\/a><\/p>\n<p><a href=\"https:\/\/ibtherapeutics.com\/sv\/wp-content\/uploads\/2021\/04\/Ersattningsrapport-IBT-2020-SWE-.pdf\">Ers\u00e4ttningsrapport &#8211; IBT 2020 SWE<\/a><\/p>\n<p><a href=\"https:\/\/ibtherapeutics.com\/sv\/wp-content\/uploads\/2021\/04\/IBT-Kallelse-AGM-2021-.pdf\">IBT Kallelse AGM 2021<\/a><\/p>\n<p><a href=\"https:\/\/ibtherapeutics.com\/sv\/wp-content\/uploads\/2021\/04\/IBT-Formular_forhandsrostning-2021.pdf\">IBT Formula\u0308r_fo\u0308rhandsro\u0308stning<\/a><\/p>\n<p><a href=\"https:\/\/ibtherapeutics.com\/sv\/wp-content\/uploads\/2021\/05\/IBT_-_Protokoll_AGM_2021-SIgnerad.DOCX.pdf\">IBT Protokoll_AGM_2021<\/a><\/p>\n<p><a href=\"https:\/\/ibtherapeutics.com\/sv\/wp-content\/uploads\/2021\/05\/Ro\u0308stla\u0308ngd-Redovisning-av-ro\u0308ster-IBT-20210504-Aktiebok-General-meeting-register-of-shareholders-INFANTBACT.xls-Compatibility-Mode.pdf\">Bilaga 3 Redovisning av ro\u0308ster <\/a><\/p>\n<h3>Bolagsst\u00e4mma 2020<\/h3>\n<p>16 juni 2020<\/p>\n<p><a href=\"https:\/\/ibtherapeutics.com\/sv\/wp-content\/uploads\/2020\/06\/IBT_-_Protokoll_AGM_2020.pdf\">Protokoll \u00c5rsst\u00e4mman 2020<\/a><\/p>\n<p><a href=\"https:\/\/ibtherapeutics.com\/sv\/wp-content\/uploads\/2020\/05\/IBT-Kallelse_AGM_2020-SWE-.pdf\">Kallelse till \u00c5rsst\u00e4mma 2020 <\/a><\/p>\n<p><a href=\"https:\/\/ibtherapeutics.com\/sv\/wp-content\/uploads\/2020\/05\/Final-SWE-yttrande_200331_pea.pdf\">Valberednings motivering 2020<\/a><\/p>\n<p><a href=\"https:\/\/ibtherapeutics.com\/sv\/wp-content\/uploads\/2020\/05\/IBT-Formula\u0308r_fo\u0308rhandsro\u0308stning.pdf\">IBT Formula\u0308r_fo\u0308rhandsro\u0308stning 2020<\/a><\/p>\n<p><a href=\"https:\/\/ibtherapeutics.com\/sv\/wp-content\/uploads\/2020\/05\/IBT-Ersa\u0308ttningsutva\u0308rdering-FINAL_AGM_2020.pdf\">Styrelsens utv\u00e4rdering av ers\u00e4ttning 2019<\/a><\/p>\n<p><a href=\"https:\/\/ibtherapeutics.com\/sv\/wp-content\/uploads\/2020\/07\/Bilaga-4-Styrelsens-fo\u0308rslag-till-optionsprogram-IBT.pdf\">Bilaga 4 Styrelsens fo\u0308rslag till optionsprogram<\/a><\/p>\n<p><a href=\"https:\/\/ibtherapeutics.com\/sv\/wp-content\/uploads\/2020\/07\/Bilaga-A-Villkor-fo\u0308r-teckningsoptioner-IBT.pdf\">Villkor fo\u0308r teckningsoptioner<\/a><\/p>\n<h3>Bolagsst\u00e4mma 2019<\/h3>\n<p>6 maj 2019<\/p>\n<p><a href=\"https:\/\/ibtherapeutics.com\/sv\/wp-content\/uploads\/2019\/05\/Protokoll-AGM-2019-for-website-1.pdf\">AGM Protokoll<\/a><\/p>\n<p><a href=\"https:\/\/ibtherapeutics.com\/sv\/wp-content\/uploads\/2019\/05\/PR-20190506-AGM-SVE.pdf\">Pressmeddelandet AGM 2019<\/a><\/p>\n<h3>\u00d6vriga dokument<\/h3>\n<p><a href=\"https:\/\/ibtherapeutics.com\/sv\/wp-content\/uploads\/2019\/04\/PR-20190405-AGM-Kallelse-SVE.pdf\">Kallelse till \u00c5rsst\u00e4mman 2019<\/a><\/p>\n<p><a href=\"https:\/\/ibtherapeutics.com\/sv\/wp-content\/uploads\/2019\/04\/Motiverat-yttrande-2019.pdf\">Valberednings motivering 2019<\/a><\/p>\n<p><a href=\"https:\/\/ibtherapeutics.com\/sv\/wp-content\/uploads\/2019\/04\/IBT_Fullmaktsformular-2019.pdf\">Fullmaktsformular AGM 2019<\/a><\/p>\n<p><a href=\"https:\/\/ibtherapeutics.com\/sv\/wp-content\/uploads\/2019\/04\/SWE-Stryrelsens-ers\u00e4ttning-2019.pdf\">Stryrelsens utv\u00e4rdering av ers\u00e4ttning 2018<\/a><\/p>\n<p><a href=\"https:\/\/ibtherapeutics.com\/sv\/wp-content\/uploads\/2019\/08\/Revisorsyttrande-avseende-ersattningar-till-ledande-befattningshavare.pdf\">Revisorsyttrande avseende ers\u00e4ttningar 2018<\/a><\/p>\n<h3>Bolagsst\u00e4mma 2018<\/h3>\n<p>15 maj 2018<\/p>\n<p><a href=\"https:\/\/ibtherapeutics.com\/sv\/wp-content\/uploads\/2018\/05\/IBT-2018-AGM-Protocol.pdf\">AGM Protokoll<\/a><\/p>\n<p><a href=\"https:\/\/ibtherapeutics.com\/sv\/wp-content\/uploads\/2018\/05\/PR-20180515-AGM-SVE.pdf\">Pressmeddelandet AGM 2018<\/a><\/p>\n<h3>\u00d6vriga dokument<\/h3>\n<p><a href=\"https:\/\/ibtherapeutics.com\/sv\/wp-content\/uploads\/2018\/04\/PR-20180416-AGMKallelse-SVE.pdf\">IBT kallelse till \u00c5rsst\u00e4mman 2018\u00a0<\/a><\/p>\n<p><a href=\"https:\/\/ibtherapeutics.com\/sv\/wp-content\/uploads\/2018\/04\/SWE-motiverat-yttrande.pdf\">Valberednings motivering 2018<\/a><\/p>\n<p><a href=\"https:\/\/ibtherapeutics.com\/sv\/wp-content\/uploads\/2019\/04\/IBT_Fullmaktsformular-2019.pdf\">Fullmaktsformular AGM 2018<\/a><\/p>\n<p><a href=\"https:\/\/ibtherapeutics.com\/sv\/wp-content\/uploads\/2019\/08\/SWE-Stryrelsens-ersattning.pdf\">Stryrelsens utv\u00e4rdering av ers\u00e4ttning 2018<\/a><\/p>\n<p><a href=\"https:\/\/ibtherapeutics.com\/sv\/wp-content\/uploads\/2018\/05\/SWE-Uppdaterade-motiverat-yttrande.pdf\">IBT Uppdaterade motiverat yttrande 2018<\/a><\/p>\n<h3>Extra bolagsst\u00e4mma 2018<\/h3>\n<p>8 januari 2018<\/p>\n<p><a href=\"https:\/\/ibtherapeutics.com\/sv\/wp-content\/uploads\/2016\/03\/EGM-Protokoll-med-Bilagor.pdf\">EGM Protokoll med Bilagor<\/a><\/p>\n<p><a href=\"https:\/\/ibtherapeutics.com\/sv\/wp-content\/uploads\/2018\/01\/PR-20180108-EGM-SVE-.pdf\">Pressmeddelandet Extra bolagsst\u00e4mma 2018<\/a><\/p>\n<h3>\u00c5rsst\u00e4mma\u00a02017<\/h3>\n<p>4 maj 207<\/p>\n<p><a href=\"https:\/\/ibtherapeutics.com\/sv\/wp-content\/uploads\/2016\/03\/IBT-Arsstamma-2017-Protokoll-med-Bilagor-.pdf\">IBT Protokoll<\/a><\/p>\n<p><a href=\"https:\/\/ibtherapeutics.com\/sv\/wp-content\/uploads\/2017\/05\/PR-20170504-AS-SVE.pdf\">Pressmeddelandet \u00c5rsst\u00e4mma 2017<\/a><\/p>\n<h3>\u00d6vriga dokument<\/h3>\n<p><a href=\"https:\/\/ibtherapeutics.com\/sv\/wp-content\/uploads\/2016\/03\/IBT-kallelse-AGM-2017-1.pdf\">IBT kallelse till \u00c5rsst\u00e4mman<\/a><\/p>\n<p><a href=\"https:\/\/ibtherapeutics.com\/sv\/wp-content\/uploads\/2016\/03\/Valberednings-motivering_Final_1705042.pdf\">Valberednings motivering<\/a><\/p>\n<p><a href=\"https:\/\/ibtherapeutics.com\/sv\/wp-content\/uploads\/2016\/03\/Fullmaktsformular-AGM-170504.pdf\">Fullmaktsformular<\/a>\u00a0<a href=\"https:\/\/ibtherapeutics.com\/sv\/wp-content\/uploads\/2016\/03\/IBT-kallelse-AGM-2017-1.pdf\">\u00c5rsst\u00e4mman<\/a><\/p>\n<p><a href=\"https:\/\/ibtherapeutics.com\/sv\/wp-content\/uploads\/2016\/03\/Forslag-till-bemyndigande-Punkt-6.pdf\">F\u00f6rslag till bemyndigande Punkt 16<\/a><\/p>\n<p><a href=\"https:\/\/ibtherapeutics.com\/sv\/wp-content\/uploads\/2016\/03\/Fullstandigt-forslag-till-optionsprogram-punkt-17.pdf\">Fullst\u00e4ndigt f\u00f6rslag till optionsprogram punkt 17<\/a><\/p>\n<p><a href=\"https:\/\/ibtherapeutics.com\/sv\/wp-content\/uploads\/2016\/03\/Bilaga-A-Punkt-17.pdf\">Bilaga A Punkt 17<\/a><\/p>\n<p>Kontakt:\u00a0<a class=\"\" href=\"mailto:info@ibtherapeutics.com\">info@ibtherapeutics.com<\/a><\/p>\n<h2 id=\"valberedning\">Valberedning<\/h2>\n<div>\n<p>\u00c5rsst\u00e4mman 2025 beslutade att styrelsens ordf\u00f6rande ska sammankalla de tre till r\u00f6stetalet st\u00f6rsta aktie\u00e4garna i bolaget, vilka f\u00e5r utse varsin ledamot som tillsammans med styrelsens ordf\u00f6rande ska utg\u00f6ra valberedningen. Vid sammans\u00e4ttningen av valberedningen ska \u00e4garf\u00f6rh\u00e5llandena per den 30 juni 2025 avg\u00f6ra vilka som \u00e4r de till r\u00f6stetalet st\u00f6rsta aktie\u00e4garna. Ledamot utsedd av den till r\u00f6stetalet st\u00f6rsta aktie\u00e4garen i valberedningen vid denna tidpunkt ska vara valberedningens ordf\u00f6rande. Om n\u00e5gon av de tre st\u00f6rsta aktie\u00e4garna avst\u00e5r sin r\u00e4tt att utse ledamot till valberedningen ska n\u00e4sta aktie\u00e4gare i storleksordning beredas tillf\u00e4lle att utse ledamot till valberedningen.<\/p>\n<p>Valberedningen inf\u00f6r \u00e5rsst\u00e4mman 2026 har i enlighet med \u00e5rsst\u00e4mmans beslut bildats. Valberedningen best\u00e5r av David Dangoor (valberedningens ordf\u00f6rande), utsedd av st\u00f6rsta aktie\u00e4garen Annwall &amp; Rothschild Investments AB, Sebastian Jahreskog, som via direkt och indirekt \u00e4gande \u00e4r bolagets andra st\u00f6rsta aktie\u00e4gare, och Jannis Kitsakis, utsedd av tredje st\u00f6rsta aktie\u00e4garen Fj\u00e4rde AP-fonden. D\u00e4rut\u00f6ver ing\u00e5r Peter Rothschild i valberedningen i egenskap av styrelseordf\u00f6rande.<\/p>\n<p>Aktie\u00e4gare som vill l\u00e4mna f\u00f6rslag till valberedningen \u00e4r v\u00e4lkomna att kontakta valberedningens ordf\u00f6rande via e-post p\u00e5\u00a0<a href=\"http:\/\/derd@derdangoor.com\/\" target=\"_blank\" rel=\"noopener\" data-saferedirecturl=\"https:\/\/www.google.com\/url?q=http:\/\/derd@derdangoor.com\/&amp;source=gmail&amp;ust=1771583763839000&amp;usg=AOvVaw3CzZd3WML8KyqCnqSCWNu_\"><b>derd@derdangoor.com<\/b><\/a>\u00a0eller genom brev till:<\/p>\n<p>Infant Bacterial Therapeutics AB<br \/>\nAtt: Valberedningen<br \/>\nKatarina Bangata 70<br \/>\n116 42 Stockholm, Sweden<\/p>\n<\/div>\n<h2 id=\"internkontroll\">Intern kontroll<\/h2>\n<p>Senare \u00e5rs rapporter h\u00e4nvisas till motsvarande \u00e5rsredovisning.<br \/>\n<a href=\"https:\/\/ibtherapeutics.com\/sv\/wp-content\/uploads\/2018\/04\/BSR-IBT-AB-2018-april-11.pdf\">IBT &#8211; Bolagsstyrningsrapport 2018\u00a0<\/a><\/p>\n<p><a href=\"https:\/\/ibtherapeutics.com\/sv\/wp-content\/uploads\/2017\/08\/BSR-IBT-AB-2017-Mars-30-FINAL-1.pdf\">IBT &#8211; Bolagsstyrningsrapport 2017<\/a><\/p>\n<h2 id=\"bolagsordning\">Bolagsordning<\/h2>\n<p><a href=\"https:\/\/ibtherapeutics.com\/sv\/wp-content\/uploads\/2023\/04\/Ny-bolagsordning-sv.pdf\">IBT &#8211; Bolagsordning<\/a><\/p>\n<h2 id=\"revisorer\"><strong>Revisorer<\/strong><\/h2>\n<p>Revisorerna granskar styrelsens och verkst\u00e4llande direkt\u00f6rens f\u00f6rvaltning av bolaget och kvaliteten i bolagets finansiella rapportering. Revisorerna genomf\u00f6r \u00e4ven, p\u00e5 uppdrag av styrelsen, en granskning av bokslut, inklusive bokslutskommunik\u00e9, granskning av \u00e5rsredovisning, och \u00f6versiktlig granskning av en kvartalsrapport.<\/p>\n<p>Revisorerna rapporterar sin granskning till aktie\u00e4garna genom revisionsber\u00e4ttelsen, vilken framl\u00e4ggs p\u00e5 \u00e5rsst\u00e4mman.<\/p>\n<p>Bolagets revisor \u00e4r Deloitte AB med Jenny Holmgren som huvudansvarig revisor.<\/p>\n<p>Deloitte AB<\/p>\n<p>Bes\u00f6ksadress: Rehnsgatan 11, 113 79 Stockholm, Sverige<\/p>\n<p>Telefon +46 75 246 20 00<\/p>\n<h2 id=\"revisorer\"><strong>Visselbl\u00e5sning<br \/>\n<\/strong><\/h2>\n<p>IBT str\u00e4var efter att uppr\u00e4tth\u00e5lla ett \u00f6ppet aff\u00e4rsklimat med god aff\u00e4rsetik, och vi v\u00e4rnar om respekt och trygghet f\u00f6r alla som ber\u00f6rs av v\u00e5r verksamhet.<\/p>\n<p>V\u00e5ra aff\u00e4rsprinciper finns beskrivna i IBT\u2019s h\u00e5llbarhetspolicy. Du har en viktig roll i att du kan sl\u00e5 larm om du misst\u00e4nker n\u00e5got som strider mot v\u00e5r h\u00e5llbarhetspolicy. IBT har d\u00e5 m\u00f6jlighet att f\u00f6rebygga och korrigera om n\u00e5got har g\u00e5tt fel.<\/p>\n<p>S\u00e5v\u00e4l medarbetare som externa parter kan rapportera misst\u00e4nkta fall av brott mot lagstiftning eller oetiskt beteende via v\u00e5r visselbl\u00e5sningsfunktion.<\/p>\n<p>Om du inte vill vara \u00f6ppen med din identitet erbjuder vi en s\u00e4ker kanal f\u00f6r anonym rapportering. Du riskerar inte att drabbas av n\u00e5gra konsekvenser p\u00e5 grund av att du rapporterar. Denna tj\u00e4nst hanteras av en extern part, Advokatfirman Schj\u00f8dt AS filial.<\/p>\n<p>Rapporter hanteras konfidentiellt av Advokatfirman Schj\u00f8dt AS filial. De skickar inkomna anm\u00e4lningar direkt till IBT\u2019s styrelse, som avg\u00f6r hur anm\u00e4lan skall hanteras.<\/p>\n<p>Anm\u00e4lan sker konfidentiellt till: <a href=\"mailto:ibtherapeuticswhistleblower@schjodt.com\">ibtherapeuticswhistleblower@schjodt.com<\/a><\/p>\n","protected":false},"excerpt":{"rendered":"<p>IBT \u00e4r ett svenskt aktiebolag, vars B-aktier \u00e4r noterade p\u00e5 Nasdaq Stockholm. Styrningen av bolaget sker via bolagsst\u00e4mman, styrelsen, verkst\u00e4llande direkt\u00f6ren och bolagsledningen i enlighet med aktiebolagslagen, bolagsordningen, arbetsordning f\u00f6r styrelsen samt VD-instruktion och Svensk Kod f\u00f6r Bolagsstyrning.\u00a0 Styrelsen \u00e4r ansvarig f\u00f6r utv\u00e4rdering av fastst\u00e4llda m\u00e5l och fortl\u00f6pande utv\u00e4rdera IBTs finansiella st\u00e4llning och resultat samt [&hellip;]<\/p>\n","protected":false},"author":1,"featured_media":0,"parent":622,"menu_order":35,"comment_status":"open","ping_status":"closed","template":"","meta":{"footnotes":""},"_links":{"self":[{"href":"https:\/\/ibtherapeutics.com\/sv\/wp-json\/wp\/v2\/pages\/634"}],"collection":[{"href":"https:\/\/ibtherapeutics.com\/sv\/wp-json\/wp\/v2\/pages"}],"about":[{"href":"https:\/\/ibtherapeutics.com\/sv\/wp-json\/wp\/v2\/types\/page"}],"author":[{"embeddable":true,"href":"https:\/\/ibtherapeutics.com\/sv\/wp-json\/wp\/v2\/users\/1"}],"replies":[{"embeddable":true,"href":"https:\/\/ibtherapeutics.com\/sv\/wp-json\/wp\/v2\/comments?post=634"}],"version-history":[{"count":168,"href":"https:\/\/ibtherapeutics.com\/sv\/wp-json\/wp\/v2\/pages\/634\/revisions"}],"predecessor-version":[{"id":4449,"href":"https:\/\/ibtherapeutics.com\/sv\/wp-json\/wp\/v2\/pages\/634\/revisions\/4449"}],"up":[{"embeddable":true,"href":"https:\/\/ibtherapeutics.com\/sv\/wp-json\/wp\/v2\/pages\/622"}],"wp:attachment":[{"href":"https:\/\/ibtherapeutics.com\/sv\/wp-json\/wp\/v2\/media?parent=634"}],"curies":[{"name":"wp","href":"https:\/\/api.w.org\/{rel}","templated":true}]}}