{"id":640,"date":"2016-03-01T13:24:29","date_gmt":"2016-03-01T12:24:29","guid":{"rendered":"http:\/\/ibtherapeutics.com\/?page_id=640"},"modified":"2026-03-09T14:01:50","modified_gmt":"2026-03-09T13:01:50","slug":"major-shareholders","status":"publish","type":"page","link":"https:\/\/ibtherapeutics.com\/sv\/investerare\/major-shareholders\/","title":{"rendered":"\u00c4garstruktur"},"content":{"rendered":"<div data-block=\"true\" data-editor=\"edgc5\" data-offset-key=\"88j54-0-0\">\n<div class=\"_1mf _1mj\" data-offset-key=\"88j54-0-0\">\n<div data-block=\"true\" data-editor=\"af0ku\" data-offset-key=\"fko8m-0-0\">\n<div class=\"_1mf _1mj\" data-offset-key=\"fko8m-0-0\"><strong>\u00c4garstruktur per den 31 december 2025. De 10 st\u00f6rsta aktie\u00e4garna.<\/strong><\/div>\n<div data-offset-key=\"fko8m-0-0\"><\/div>\n<\/div>\n<div data-offset-key=\"fko8m-0-0\">\n<table id=\"tablepress-9\" class=\"tablepress tablepress-id-9\">\n<thead>\n<tr class=\"row-1 odd\">\n\t<th class=\"column-1\"><\/th><th class=\"column-2\">A-aktier<\/th><th class=\"column-3\">B-aktier<\/th><th class=\"column-4\">Aktiekapital %<\/th><th class=\"column-5\">R\u00f6ster %<\/th>\n<\/tr>\n<\/thead>\n<tbody>\n<tr class=\"row-2 even\">\n\t<td class=\"column-1\">ANNWALL &amp; ROTHSCHILD INVESTMENT AB<\/td><td class=\"column-2\">453 283<\/td><td class=\"column-3\">721 351<\/td><td class=\"column-4\">8,72<\/td><td class=\"column-5\">29,94<\/td>\n<\/tr>\n<tr class=\"row-3 odd\">\n\t<td class=\"column-1\">NORTHERN TRUST COMPANY<\/td><td class=\"column-2\"><\/td><td class=\"column-3\">1 552 098<\/td><td class=\"column-4\">11,52<\/td><td class=\"column-5\">8,84<\/td>\n<\/tr>\n<tr class=\"row-4 even\">\n\t<td class=\"column-1\">SIX SIS AG W8IMY<\/td><td class=\"column-2\"><\/td><td class=\"column-3\">1 531 145<\/td><td class=\"column-4\">11,37<\/td><td class=\"column-5\">8,72<\/td>\n<\/tr>\n<tr class=\"row-5 odd\">\n\t<td class=\"column-1\">FJ\u00c4RDE AP-FONDEN<\/td><td class=\"column-2\"><\/td><td class=\"column-3\">1 344 000<\/td><td class=\"column-4\">9,98<\/td><td class=\"column-5\">7,66<\/td>\n<\/tr>\n<tr class=\"row-6 even\">\n\t<td class=\"column-1\">\u00c5LANDSBANKEN ABP<\/td><td class=\"column-2\"><\/td><td class=\"column-3\">453 131<\/td><td class=\"column-4\">3,36<\/td><td class=\"column-5\">2,58<\/td>\n<\/tr>\n<tr class=\"row-7 odd\">\n\t<td class=\"column-1\">AVANZA PENSION<\/td><td class=\"column-2\"><\/td><td class=\"column-3\">386 949<\/td><td class=\"column-4\">2,87<\/td><td class=\"column-5\">2,20<\/td>\n<\/tr>\n<tr class=\"row-8 even\">\n\t<td class=\"column-1\">DANGOOR, DAVID<\/td><td class=\"column-2\"><\/td><td class=\"column-3\">370 455<\/td><td class=\"column-4\">2,75<\/td><td class=\"column-5\">2,11<\/td>\n<\/tr>\n<tr class=\"row-9 odd\">\n\t<td class=\"column-1\">P.R BANQUE PIXTET &amp; CIE SA<\/td><td class=\"column-2\"><\/td><td class=\"column-3\">321 169<\/td><td class=\"column-4\">2,38<\/td><td class=\"column-5\">1,83<\/td>\n<\/tr>\n<tr class=\"row-10 even\">\n\t<td class=\"column-1\">IBKR FINANCIAL SERVICES AG<\/td><td class=\"column-2\"><\/td><td class=\"column-3\">285 633<\/td><td class=\"column-4\">2,12<\/td><td class=\"column-5\">1,63<\/td>\n<\/tr>\n<tr class=\"row-11 odd\">\n\t<td class=\"column-1\">NORDNET PENSIONSF\u00d6RS\u00c4KRING AB<\/td><td class=\"column-2\"><\/td><td class=\"column-3\">253 115<\/td><td class=\"column-4\">1,88<\/td><td class=\"column-5\">1,44<\/td>\n<\/tr>\n<tr class=\"row-12 even\">\n\t<td class=\"column-1\">Summa 10 st\u00f6rsta aktie\u00e4garna<\/td><td class=\"column-2\">453 283<\/td><td class=\"column-3\">7 219 046<\/td><td class=\"column-4\">56,95<\/td><td class=\"column-5\">66,95<\/td>\n<\/tr>\n<tr class=\"row-13 odd\">\n\t<td class=\"column-1\">\u00d6vriga aktie\u00e4gare<\/td><td class=\"column-2\"><\/td><td class=\"column-3\">5 799 091<\/td><td class=\"column-4\">43,05<\/td><td class=\"column-5\">33,05<\/td>\n<\/tr>\n<tr class=\"row-14 even\">\n\t<td class=\"column-1\">Totalt<\/td><td class=\"column-2\">453 283<\/td><td class=\"column-3\">13 018 137<\/td><td class=\"column-4\">100<\/td><td class=\"column-5\">100<\/td>\n<\/tr>\n<\/tbody>\n<\/table>\n<!-- #tablepress-9 from cache --><\/div>\n<div data-offset-key=\"fko8m-0-0\">K\u00e4lla: Euroclear Sweden AB<\/div>\n<div data-offset-key=\"fko8m-0-0\"><\/div>\n<div data-offset-key=\"fko8m-0-0\">Antalet aktier i Infant Bacterial Therapeutics AB uppg\u00e5r till 453 283 A-aktier med 10 r\u00f6str\u00e4tter per aktier och 13 018 137 B-aktier med en r\u00f6str\u00e4tt per aktie, totalt 13 471 420 aktier.<\/div>\n<\/div>\n<\/div>\n","protected":false},"excerpt":{"rendered":"<p>\u00c4garstruktur per den 31 december 2025. De 10 st\u00f6rsta aktie\u00e4garna. K\u00e4lla: Euroclear Sweden AB Antalet aktier i Infant Bacterial Therapeutics AB uppg\u00e5r till 453 283 A-aktier med 10 r\u00f6str\u00e4tter per aktier och 13 018 137 B-aktier med en r\u00f6str\u00e4tt per aktie, totalt 13 471 420 aktier.<\/p>\n","protected":false},"author":1,"featured_media":0,"parent":622,"menu_order":33,"comment_status":"open","ping_status":"closed","template":"","meta":{"footnotes":""},"_links":{"self":[{"href":"https:\/\/ibtherapeutics.com\/sv\/wp-json\/wp\/v2\/pages\/640"}],"collection":[{"href":"https:\/\/ibtherapeutics.com\/sv\/wp-json\/wp\/v2\/pages"}],"about":[{"href":"https:\/\/ibtherapeutics.com\/sv\/wp-json\/wp\/v2\/types\/page"}],"author":[{"embeddable":true,"href":"https:\/\/ibtherapeutics.com\/sv\/wp-json\/wp\/v2\/users\/1"}],"replies":[{"embeddable":true,"href":"https:\/\/ibtherapeutics.com\/sv\/wp-json\/wp\/v2\/comments?post=640"}],"version-history":[{"count":105,"href":"https:\/\/ibtherapeutics.com\/sv\/wp-json\/wp\/v2\/pages\/640\/revisions"}],"predecessor-version":[{"id":4405,"href":"https:\/\/ibtherapeutics.com\/sv\/wp-json\/wp\/v2\/pages\/640\/revisions\/4405"}],"up":[{"embeddable":true,"href":"https:\/\/ibtherapeutics.com\/sv\/wp-json\/wp\/v2\/pages\/622"}],"wp:attachment":[{"href":"https:\/\/ibtherapeutics.com\/sv\/wp-json\/wp\/v2\/media?parent=640"}],"curies":[{"name":"wp","href":"https:\/\/api.w.org\/{rel}","templated":true}]}}