{"id":850,"date":"2016-04-27T05:19:00","date_gmt":"2016-04-27T04:19:00","guid":{"rendered":"http:\/\/ibtherapeutics.com\/?page_id=850"},"modified":"2023-07-04T08:19:31","modified_gmt":"2023-07-04T06:19:31","slug":"rights-issue","status":"publish","type":"page","link":"https:\/\/ibtherapeutics.com\/sv\/investerare\/rights-issue\/","title":{"rendered":"Nyemission"},"content":{"rendered":"<div id=\"origin\">\n<p>P\u00e5 grund av legala restriktioner \u00e4r \u00e5tkomsten till den h\u00e4r delen av webbplatsen begr\u00e4nsad. Vi ber dig d\u00e4rf\u00f6r att ta del av f\u00f6ljande information och l\u00e4mna f\u00f6ljande bekr\u00e4ftelse varje g\u00e5ng du \u00f6nskar f\u00e5 tillg\u00e5ng till dessa begr\u00e4nsade webbsidor. Din bekr\u00e4ftelse m\u00e5ste vara korrekt och r\u00e4ttvisande.<\/p>\n<p>&nbsp;<\/p>\n<p><b>V\u00e4nligen v\u00e4lj det land du \u00e4r bosatt i:<\/b><br \/>\n<select id=\"origin-country-dropdown\"><option value=\"1\">Sverige<\/option><option value=\"0\">USA<\/option><option value=\"0\">Australien<\/option><option value=\"0\">Kanada<\/option><option value=\"0\">Nya Zeeland<\/option><option value=\"0\">Hongkong<\/option><option value=\"0\">Schweiz<\/option><option value=\"0\">Singapore<\/option><option value=\"0\">Sydafrika<\/option><option value=\"0\">Sydkorea<\/option><option value=\"0\">Ryssland<\/option><option value=\"0\">Belarus<\/option><option value=\"1\">Annat<\/option><\/select><\/p>\n<p>&nbsp;<\/p>\n<p><b>Jag befinner mig f\u00f6r n\u00e4rvarande i:<\/b><br \/>\n<select id=\"origin-currently-dropdown\"><option value=\"1\">Sverige<\/option><option value=\"0\">USA<\/option><option value=\"0\">Australien<\/option><option value=\"0\">Kanada<\/option><option value=\"0\">Nya Zeeland<\/option><option value=\"0\">Hongkong<\/option><option value=\"0\">Schweiz<\/option><option value=\"0\">Singapore<\/option><option value=\"0\">Sydafrika<\/option><option value=\"0\">Sydkorea<\/option><option value=\"0\">Ryssland<\/option><option value=\"0\">Belarus<\/option><option value=\"1\">Annat<\/option><\/select><\/p>\n<p><a id=\"origin_continue\" class=\"blue-btn\"><\/a>Forts\u00e4tt<\/p>\n<\/div>\n<div id=\"terms\" class=\"hidden\">\n<h2>VIKTIG INFORMATION<\/h2>\n<p>&nbsp;<\/p>\n<p>\u00c5tkomst till information och dokumentation p\u00e5 den h\u00e4r delen av webbplatsen \u00e4r begr\u00e4nsad av legala restriktioner. Vi ber dig d\u00e4rf\u00f6r att ta del av f\u00f6ljande information och l\u00e4mna f\u00f6ljande bekr\u00e4ftelse varje g\u00e5ng du \u00f6nskar f\u00e5 tillg\u00e5ng till dessa begr\u00e4nsade webbsidor. Din bekr\u00e4ftelse m\u00e5ste vara korrekt och r\u00e4ttvisande.<\/p>\n<p>&nbsp;<\/p>\n<p>Informationen p\u00e5 denna del av Infant Bacterial Therapeutics AB (publ):s (\u201dBolagets\u201d) webbplats \u00e4r (a) inte avsedd f\u00f6r, och f\u00e5r inte, direkt eller indirekt, helt eller delvis, \u00e5tkommas av eller distribueras eller spridas till personer som bor eller befinner sig i USA (innefattande dess territorier och provinser, varje stat i USA samt District of Columbia (\u201dUSA\u201d)), Australien, Kanada, Nya Zeeland, Hongkong, Japan, Schweiz, Singapore, Sydafrika, Sydkorea, Ryssland, Belarus eller n\u00e5gon annan jurisdiktion d\u00e4r s\u00e5dan \u00e5tg\u00e4rd kan utg\u00f6ra brott mot lokala v\u00e4rdepapperslagar eller best\u00e4mmelser, och (b) utg\u00f6r inte ett erbjudande att s\u00e4lja, eller en anfordran om att l\u00e4mna ett erbjudande att k\u00f6pa eller f\u00f6rv\u00e4rva, aktier eller andra v\u00e4rdepapper i Bolaget i USA, Australien, Kanada, Nya Zeeland, Hongkong, Japan, Schweiz, Singapore, Sydafrika, Sydkorea, Ryssland, Belarus eller n\u00e5gon annan jurisdiktion d\u00e4r s\u00e5dan \u00e5tg\u00e4rd kan utg\u00f6ra brott mot lokala v\u00e4rdepapperslagar eller best\u00e4mmelser i s\u00e5dan jurisdiktion.<\/p>\n<p>&nbsp;<\/p>\n<p>V\u00e4rdepapper i Bolaget som omn\u00e4mns p\u00e5 denna webbplats (\u201dV\u00e4rdepapperna\u201d) har inte registrerats och kommer inte att registreras enligt den vid var tid g\u00e4llande U.S. Securities Act fr\u00e5n 1933 (\u201dSecurities Act\u201d) och f\u00e5r inte erbjudas eller s\u00e4ljas i USA utan registrering enligt Securities Act eller utan till\u00e4mpning av ett undantag fr\u00e5n, eller genom en transaktion som inte omfattas av, registreringskraven i enlighet med Securities Act och i \u00f6verenst\u00e4mmelse med samtliga till\u00e4mpliga v\u00e4rdepapperslagar i varje delstat eller annan jurisdiktion i USA. V\u00e4rdepapperna har vidare inte registrerats och kommer inte att registreras enligt n\u00e5gon till\u00e4mplig v\u00e4rdepapperslagstiftning i Australien, Kanada, Nya Zeeland, Hongkong, Japan, Schweiz, Singapore, Sydafrika, Sydkorea, Ryssland, Belarus eller n\u00e5gon annan jurisdiktion d\u00e4r s\u00e5dan \u00e5tg\u00e4rd kan vara olaglig eller kr\u00e4va registrering eller annan \u00e5tg\u00e4rd, och d\u00e4rf\u00f6r f\u00e5r inte v\u00e4rdepappren erbjudas eller s\u00e4ljas till eller inom, eller f\u00f6r en persons r\u00e4kning eller till f\u00f6rm\u00e5n f\u00f6r en person som \u00e4r folkbokf\u00f6rd eller befinner sig i Australien, Kanada, Nya Zeeland, Hongkong, Japan, Schweiz, Singapore, Sydafrika, Sydkorea, Ryssland, Belarus eller n\u00e5gon annan jurisdiktion d\u00e4r s\u00e5dan \u00e5tg\u00e4rd kan vara olaglig eller kr\u00e4va registrering eller annan \u00e5tg\u00e4rd.<\/p>\n<p>&nbsp;<\/p>\n<p>I Storbritannien f\u00e5r informationen som finns p\u00e5 denna del av Bolagets webbplats endast distribueras till, och \u00e4r endast avsedd f\u00f6r, \u201dkvalificerade investerare\u201d i enlighet med Artikel 2(e) i Europaparlamentets och r\u00e5dets f\u00f6rordning (EU) 2017\/1129 av den 14 juni 2017 om prospekt som ska offentligg\u00f6ras n\u00e4r v\u00e4rdepapper erbjuds till allm\u00e4nheten eller tas upp till handel p\u00e5 en reglerad marknad, och om upph\u00e4vande av direktiv 2003\/71\/EG (tillsammans med tillh\u00f6rande delegerade f\u00f6rordningar och genomf\u00f6randef\u00f6rordningar, \u201dProspektf\u00f6rordningen\u201d), s\u00e5som den inf\u00f6rlivas i nationell r\u00e4tt i Storbritannien genom the European Union (Withdrawal) Act 2018 som \u00e4r (i) professionella investerare som faller inom Artikel 19(5) i Financial Services and Markets Act 2000 (Financial Promotion) Order 2005 (\u201dF\u00f6reskriften\u201d); eller (ii) enheter med h\u00f6g nettof\u00f6rm\u00f6genhet, och andra personer till vilka den lagligen kan delges, som faller inom Artikel 49(2)(a)-(d) i F\u00f6reskriften (samtliga personer i (i) och (ii) ovan ben\u00e4mns gemensamt \u201drelevanta personer\u201d). V\u00e4rdepapperna \u00e4r endast tillg\u00e4ngliga f\u00f6r, och varje inbjudan, erbjudande eller avtal om att teckna, k\u00f6pa eller p\u00e5 annat s\u00e4tt f\u00f6rv\u00e4rva s\u00e5dana V\u00e4rdepapper kommer endast att behandlas avseende relevanta personer. Personer som inte \u00e4r relevanta personer ska inte handla utifr\u00e5n eller f\u00f6rlita sig p\u00e5 informationen som finns p\u00e5 denna del av Bolagets webbplats.<\/p>\n<p>&nbsp;<\/p>\n<p>I Australien f\u00e5r information som finns p\u00e5 denna del av Bolagets webbplats endast tillhandah\u00e5llas till personer till vilka ett erbjudande av V\u00e4rdepapperen kan g\u00f6ras utan att ett prospekt eller annan form av informationsdokument, i enlighet med avsnitt 708 i australiensiska Corporations Act 2001 (Cth) (\u201dCorporations Act\u201d), beh\u00f6ver uppr\u00e4ttas. I synnerhet g\u00e4ller f\u00f6ljande: (1) inget erbjudande l\u00e4mnas och inga ans\u00f6kningar kommer att till\u00e5tas s\u00e5vitt avser utgivande, f\u00f6rs\u00e4ljning eller f\u00f6rv\u00e4rv av v\u00e4rdepapper (inklusive ett erbjudande eller en inbjudan som tas emot av person i Australien); och (2) varken dokument p\u00e5 denna webbplats eller n\u00e5got annat material eller annonsering avseende F\u00f6retr\u00e4desemissionen kommer att distribueras eller publiceras i Australien, om inte s\u00e5vitt avser (1) eller (2), (i) det minsta sammanlagda vederlag som ska betalas av varje mottagare eller tecknare \u00e4r minst 500 000 AUD (eller motsvarande belopp i annan valuta, i b\u00e5da fallen utan h\u00e4nsyn till medel som l\u00e5nats av den som l\u00e4mnar erbjudandet eller dess n\u00e4rst\u00e5ende) eller att erbjudandet i \u00f6vrigt inte kr\u00e4ver information till investerare enligt del 6D.2 eller kapitel 7 i Corporations Act, (ii) erbjudandet eller distribution av dokument p\u00e5 denna webbplats inte riktas till en \u201dretail client\u201d enligt avsnitt 761G i Corporations Act och (iii) s\u00e5dan \u00e5tg\u00e4rd \u00e4r f\u00f6renlig med alla till\u00e4mpliga lagar, f\u00f6rordningar och direktiv i f\u00f6rh\u00e5llande till erbjudandet och distributionen av dokument p\u00e5 denna webbplats och kr\u00e4ver inte att n\u00e5got dokument inl\u00e4mnas till, eller registreras av, Australian Securities &amp; Investments Commission (\u201dASIC\u201d) eller n\u00e5gon tillsynsmyndighet i Australien. F\u00f6ljaktligen \u00e4r dokument p\u00e5 denna webbplats inte, och \u00e4r inte avsett att vara, ett prospekt eller n\u00e5gon annan form av informationsdokument i enlighet med Corporations Act som m\u00e5ste inl\u00e4mnas till ASIC. Dokument p\u00e5 denna webbplats inneh\u00e5ller d\u00e4rf\u00f6r inte, och beh\u00f6ver inte inneh\u00e5lla, all s\u00e5dan information som skulle finnas i ett prospekt eller annan form av informationsdokument enligt Corporations Act. V\u00e4rdepapper som ges ut i F\u00f6retr\u00e4desemissionen f\u00e5r inte erbjudas till f\u00f6rs\u00e4ljning (eller \u00f6verf\u00f6ras, tilldelas eller p\u00e5 annat s\u00e4tt transfereras) till n\u00e5gon person som befinner sig eller \u00e4r bosatt i Australien under minst 12 m\u00e5nader efter utgivandet av s\u00e5dana v\u00e4rdepapper, f\u00f6rutom under omst\u00e4ndigheter d\u00e4r personen \u00e4r en s\u00e5dan person till vilken ett informations- eller ett produktinformationsdokument inte beh\u00f6ver l\u00e4mnas enligt kapitel 6D eller kapitel 7 i Corporations Act.<\/p>\n<p>&nbsp;<\/p>\n<p>I varje EES-medlemsstat, f\u00f6rutom Sverige, d\u00e4r Prospektf\u00f6rordningen \u00e4r till\u00e4mplig, riktas informationen som finns p\u00e5 denna del av Bolagets webbplats endast till kvalificerade investerare i den mening som avses i Prospektf\u00f6rordningen.<\/p>\n<p>&nbsp;<\/p>\n<p>\u00c5tkomst till informationen och dokumenten p\u00e5 f\u00f6ljande webbplatser kan vara olaglig i vissa jurisdiktioner, och endast vissa kategorier av personer kan till\u00e5tas \u00e5tkomst till s\u00e5dan information och dokument. Alla personer som \u00f6nskar \u00e5tkomst till dokumenten p\u00e5 denna del av Bolagets webbplats m\u00e5ste f\u00f6rst f\u00f6rs\u00e4kra sig om att de inte \u00e4r f\u00f6rem\u00e5l f\u00f6r lokala lagar eller best\u00e4mmelser som f\u00f6rbjuder eller inskr\u00e4nker deras r\u00e4tt till \u00e5tkomst av denna webbplats, eller om deras f\u00f6rv\u00e4rv av v\u00e4rdepapper kr\u00e4ver registrering eller godk\u00e4nnande. S\u00e5dan registrering eller s\u00e5dant godk\u00e4nnande har inte inh\u00e4mtats och kommer inte inh\u00e4mtas. Bolaget tar inget ansvar f\u00f6r n\u00e5gon persons brott mot till\u00e4mpliga lagar och best\u00e4mmelser.<\/p>\n<p>&nbsp;<\/p>\n<h2>Om du inte har till\u00e5telse att ha \u00e5tkomst till informationen och dokumentationen p\u00e5 den h\u00e4r webbplatsen, eller vid tvivel om du har s\u00e5dan till\u00e5telse, v\u00e4nligen l\u00e4mna denna webbplats.<\/h2>\n<p>&nbsp;<\/p>\n<p><b>Jag intygar d\u00e4rf\u00f6r att:<\/b><\/p>\n<p>&nbsp;<\/p>\n<p>1.\u00a0Jag \u00e4r bosatt och befinner mig i ett land utanf\u00f6r USA, Australien, Kanada, Nya Zeeland, Hongkong, Japan, Schweiz, Singapore, Sydafrika, Sydkorea, Ryssland och Belarus;<\/p>\n<p>&nbsp;<\/p>\n<p>2. Jag \u00e4r beh\u00f6rig att f\u00e5 \u00e5tkomst till informationen och dokumentationen p\u00e5 denna del av webbplatsen utan att vara f\u00f6rem\u00e5l f\u00f6r n\u00e5gon juridisk begr\u00e4nsning och utan att Bolaget m\u00e5ste vidta ytterligare \u00e5tg\u00e4rder; och<\/p>\n<p>&nbsp;<\/p>\n<p>3. Jag kommer inte att \u00f6verf\u00f6ra eller p\u00e5 annat s\u00e4tt skicka n\u00e5gon information p\u00e5 den h\u00e4r webbplatsen till publikationer med allm\u00e4n cirkulering i USA<\/p>\n<p>&nbsp;<\/p>\n<div class=\"radio-wrapper\"><input id=\"terms_origin\" name=\"terms_origin\" type=\"radio\" value=\"1\" \/> Jag bekr\u00e4ftar <input id=\"terms_origin\" name=\"terms_origin\" type=\"radio\" value=\"0\" \/> Jag bekr\u00e4ftar inte<\/div>\n<div><\/div>\n<p>&nbsp;<\/p>\n<p>Jag har l\u00e4st, f\u00f6rst\u00e5tt och samtycker till att f\u00f6lja samtliga restriktioner som framg\u00e5r ovan.<\/p>\n<p>&nbsp;<\/p>\n<div class=\"radio-wrapper\"><input id=\"terms_acceptance\" name=\"terms_acceptance\" type=\"radio\" value=\"1\" \/> Jag bekr\u00e4ftar <input id=\"terms_acceptance\" name=\"terms_acceptance\" type=\"radio\" value=\"0\" \/> Jag bekr\u00e4ftar inte<\/div>\n<p><a id=\"terms_continue\" class=\"blue-btn\"><\/a>Forts\u00e4tt<\/p>\n<p><!--\n\n\n<div class=\"terms-actions cf\"><a id=\"terms_accepted\" class=\"terms-accept\">Ja, jag accepterar<\/a><a id=\"terms_declined\" class=\"terms-decline\" href=\"https:\/\/ibtherapeutics.com\/sv\">Nej, jag accepterar inte<\/a><\/div>\n\n\n--><\/p>\n<\/div>\n<div id=\"accepted\" class=\"hidden\">\n<h2>Nyemission 2023<\/h2>\n<p><a href=\"https:\/\/ibtherapeutics.com\/sv\/wp-content\/uploads\/2023\/07\/PR-Utfall-Emission-SE.pdf\">PR 20230704 &#8211; IBT offentligg\u00f6r utfall i f\u00f6retr\u00e4desemissionen<\/a><\/p>\n<p><a href=\"https:\/\/ibtherapeutics.com\/sv\/wp-content\/uploads\/2023\/06\/IBT-Prospekt.pdf\">IBT Prospekt<\/a><\/p>\n<p><a href=\"https:\/\/ibtherapeutics.com\/sv\/wp-content\/uploads\/2023\/06\/PR-Prospekt-SV.pdf\">PR 20230613 Prospekt<\/a><\/p>\n<p><a href=\"https:\/\/ibtherapeutics.com\/sv\/wp-content\/uploads\/2023\/06\/IBT-Anma\u0308lningssedel-Teckning-av-aktier-med-subsidia\u0308r-fo\u0308retra\u0308desra\u0308tt-eller-utan-sto\u0308d-av-teckningsra\u0308tter.pdf\">Anma\u0308lningssedel &#8211; Teckning av aktier med subsidia\u0308r fo\u0308retra\u0308desra\u0308tt eller utan sto\u0308d av teckningsra\u0308tter<\/a><\/p>\n<p><a href=\"https:\/\/ibtherapeutics.com\/sv\/wp-content\/uploads\/2023\/06\/IBT-Anma\u0308lningssedel-Teckning-av-aktier-med-sto\u0308d-av-teckningsra\u0308tter.pdf\">Anma\u0308lningssedel &#8211; Teckning av aktier med sto\u0308d av teckningsra\u0308tter<\/a><\/p>\n<p><a href=\"https:\/\/ibtherapeutics.com\/sv\/wp-content\/uploads\/2023\/05\/PM-2023-05-16-Sv-1.pdf\">IBT beslutar om en f\u00f6retr\u00e4desemisson<\/a><\/p>\n<p><a href=\"https:\/\/ibtherapeutics.com\/sv\/wp-content\/uploads\/2023\/05\/Emissionsbeslut-sv-1-1.pdf\">Styrelsens emissionsbeslut<\/a><\/p>\n<p><a href=\"https:\/\/ibtherapeutics.com\/sv\/wp-content\/uploads\/2023\/05\/Styrelsens-redogo\u0308relse-13_6-sv-1.pdf\">Styrelsens redog\u00f6relse<\/a><\/p>\n<p><a href=\"https:\/\/ibtherapeutics.com\/sv\/wp-content\/uploads\/2023\/05\/Revisorsyttrande-13-6-2023.05.16.pdf\">Revisorsyttrande<\/a><br \/>\n&nbsp;<\/p>\n<h2>Arkiv (2017 &#8211; 2018)<\/h2>\n<p><a href=\"https:\/\/ibtherapeutics.com\/sv\/wp-content\/uploads\/2018\/02\/PR-20180202-KapAnsk-Resultat-SVE.pdf\">PR 20180202 KapAnsk Resultat SVE<\/a><\/p>\n<p><a href=\"https:\/\/ibtherapeutics.com\/sv\/wp-content\/uploads\/2018\/01\/PR-20180110-Prospectus-SVE.pdf\">PR 20180110 Prospectus SVE<\/a><\/p>\n<p><a href=\"https:\/\/ibtherapeutics.com\/sv\/wp-content\/uploads\/2018\/01\/IBT-Prospectus-SVE.pdf\">IBT Prospectus SVE<\/a><\/p>\n<p><a href=\"https:\/\/ibtherapeutics.com\/sv\/wp-content\/uploads\/2018\/01\/PR-20180110-IBT-_anm_sedel_sve.pdf\">Teckning dokument<\/a><\/p>\n<p><a href=\"https:\/\/ibtherapeutics.com\/sv\/wp-content\/uploads\/2017\/11\/PR-20171124-Annoucement-SWEDISH-.pdf\" target=\"_blank\" rel=\"noopener\">Infant Bacterial Therapeutics offentligg\u00f6r kapitalanskaffning om sammanlagt cirka 545 MSEK<\/a><\/p>\n<p><a href=\"https:\/\/ibtherapeutics.com\/sv\/wp-content\/uploads\/2017\/11\/IBT_Styrelsens_beslut_riktad_emission.pdf\" target=\"_blank\" rel=\"noopener\">Styrelsens beslut om riktad nyemission<\/a><\/p>\n<p><a href=\"https:\/\/ibtherapeutics.com\/sv\/wp-content\/uploads\/2017\/11\/IBT_Bolagsordning.pdf\" target=\"_blank\" rel=\"noopener\">Bolagsordning<\/a><\/p>\n<p><a href=\"https:\/\/ibtherapeutics.com\/sv\/wp-content\/uploads\/2017\/11\/IBT_Styrelsens_redogorelse.pdf\" target=\"_blank\" rel=\"noopener\">Styrelsens redog\u00f6relse <\/a><\/p>\n<p><a href=\"https:\/\/ibtherapeutics.com\/sv\/wp-content\/uploads\/2017\/11\/IBT_Styrelse-ns_beslut_foretradesemission.pdf\" target=\"_blank\" rel=\"noopener\">Styrelsens beslut om nyemission med f\u00f6retr\u00e4desr\u00e4tt f\u00f6r bolagets aktie\u00e4gare<\/a><\/p>\n<p><a href=\"https:\/\/ibtherapeutics.com\/sv\/wp-content\/uploads\/2017\/11\/PR_20171124_EGM_SVE.pdf\" target=\"_blank\" rel=\"noopener\">Kallelse till extra bolagsst\u00e4mma i Infant Bacterial Therapeutics<\/a><\/p>\n<p><a href=\"https:\/\/ibtherapeutics.com\/sv\/wp-content\/uploads\/2016\/04\/IBT_-_Fullmaktsformular.pdf\">Fullmaktsformul\u00e4r<\/a><\/p>\n<p><a href=\"https:\/\/ibtherapeutics.com\/sv\/wp-content\/uploads\/2017\/11\/efterfoljande_handelser_171124.pdf\" target=\"_blank\" rel=\"noopener\">Revisors yttrande<\/a><\/p>\n<p>&nbsp;<\/p>\n<h2>Arkiv (2016)<\/h2>\n<h3>IBT publicerar Prospektet<\/h3>\n<p><a href=\"https:\/\/ibtherapeutics.com\/sv\/wp-content\/uploads\/2016\/04\/IBT-Pressmeddelande_prospekt.pdf\" target=\"_blank\" rel=\"noopener\">IBT Pressmeddelande 20160427 (Svenska) &#8211; Prospekt<\/a><br \/>\n<a href=\"https:\/\/ibtherapeutics.com\/sv\/wp-content\/uploads\/2016\/04\/IBT-Prospekt_Svenska.pdf\" target=\"_blank\" rel=\"noopener\">IBT-Prospekt (Svenska)<\/a><br \/>\n<a href=\"https:\/\/ibtherapeutics.com\/sv\/wp-content\/uploads\/2016\/04\/Anmalningssedel-med_foretradesratt.pdf\" target=\"_blank\" rel=\"noopener\">Anm\u00e4lningssedel, med f\u00f6retr\u00e4desr\u00e4tt<\/a><br \/>\n<a href=\"https:\/\/ibtherapeutics.com\/sv\/wp-content\/uploads\/2016\/04\/Anmalningssedel-utan_foretradesratt.pdf\" target=\"_blank\" rel=\"noopener\">Anm\u00e4lningssedel, utan f\u00f6retr\u00e4desr\u00e4tt<\/a><\/p>\n<h3>IBT offentligg\u00f6r garanterad f\u00f6retr\u00e4desemission om cirka 100 miljoner kronor<\/h3>\n<p><a href=\"https:\/\/ibtherapeutics.com\/sv\/wp-content\/uploads\/2016\/04\/IBT_pressmeddelande_foretradesemission.pdf\" target=\"_blank\" rel=\"noopener\">IBT Pressmeddelande 20160427 (Svenska) &#8211; IBT offentligg\u00f6r garanterad f\u00f6retr\u00e4desemission om cirka 100 miljoner kronor<\/a><br \/>\n<a href=\"https:\/\/ibtherapeutics.com\/sv\/wp-content\/uploads\/2016\/04\/IBT-Attachment-1-20160426_136.pdf\" target=\"_blank\" rel=\"noopener\">Styrelsens f\u00f6r Infant Bacterial Therapeutics AB (publ) redog\u00f6relse enligt 13 kap 6 \u00a7 aktiebolagslagen<\/a><br \/>\n<a href=\"https:\/\/ibtherapeutics.com\/sv\/wp-content\/uploads\/2016\/04\/IBT-Attachment-2-Emissionsbeslut.pdf\" target=\"_blank\" rel=\"noopener\">Styrelsens f\u00f6r Infant Bacterial Therapeutics AB (publ) beslut om nyemission<\/a><br \/>\n<a href=\"https:\/\/ibtherapeutics.com\/sv\/wp-content\/uploads\/2016\/04\/IBT-Attachment-3-ABL-136.pdf\" target=\"_blank\" rel=\"noopener\">Revisorns yttrande enligt 13 kap 6 \u00a7 aktiebolagslagen<\/a><\/p>\n<\/div>\n<div id=\"error\" class=\"hidden\">\n<h2>Viktigt Information<\/h2>\n<p>P\u00e5 grund av legala restriktioner \u00e4r informationen p\u00e5 denna del av webbplatsen begr\u00e4nsad och f\u00e5r inte, direkt eller indirekt, helt eller delvis, spridas, publiceras eller distribueras i eller till USA, Australien, Kanada, Nya Zeeland, Hongkong, Japan, Schweiz, Singapore, Sydafrika, Sydkorea, Ryssland, Belarus eller n\u00e5gon annan jurisdiktion d\u00e4r s\u00e5dan spridning, publicering eller distribution skulle vara olaglig. Vi ber om urs\u00e4kt f\u00f6r eventuella ol\u00e4genheter det h\u00e4r kan inneb\u00e4ra. V\u00e4nligen tryck <a href=\"http:\/\/ibtherapeutics.com\/sv\">h\u00e4r<\/a> f\u00f6r att \u00e5terv\u00e4nda till startsidan.<\/p>\n<\/div>\n","protected":false},"excerpt":{"rendered":"<p>P\u00e5 grund av legala restriktioner \u00e4r \u00e5tkomsten till den h\u00e4r delen av webbplatsen begr\u00e4nsad. Vi ber dig d\u00e4rf\u00f6r att ta del av f\u00f6ljande information och l\u00e4mna f\u00f6ljande bekr\u00e4ftelse varje g\u00e5ng du \u00f6nskar f\u00e5 tillg\u00e5ng till dessa begr\u00e4nsade webbsidor. Din bekr\u00e4ftelse m\u00e5ste vara korrekt och r\u00e4ttvisande. &nbsp; V\u00e4nligen v\u00e4lj det land du \u00e4r bosatt i: SverigeUSAAustralienKanadaNya [&hellip;]<\/p>\n","protected":false},"author":1,"featured_media":0,"parent":622,"menu_order":32,"comment_status":"open","ping_status":"closed","template":"","meta":{"footnotes":""},"_links":{"self":[{"href":"https:\/\/ibtherapeutics.com\/sv\/wp-json\/wp\/v2\/pages\/850"}],"collection":[{"href":"https:\/\/ibtherapeutics.com\/sv\/wp-json\/wp\/v2\/pages"}],"about":[{"href":"https:\/\/ibtherapeutics.com\/sv\/wp-json\/wp\/v2\/types\/page"}],"author":[{"embeddable":true,"href":"https:\/\/ibtherapeutics.com\/sv\/wp-json\/wp\/v2\/users\/1"}],"replies":[{"embeddable":true,"href":"https:\/\/ibtherapeutics.com\/sv\/wp-json\/wp\/v2\/comments?post=850"}],"version-history":[{"count":123,"href":"https:\/\/ibtherapeutics.com\/sv\/wp-json\/wp\/v2\/pages\/850\/revisions"}],"predecessor-version":[{"id":3610,"href":"https:\/\/ibtherapeutics.com\/sv\/wp-json\/wp\/v2\/pages\/850\/revisions\/3610"}],"up":[{"embeddable":true,"href":"https:\/\/ibtherapeutics.com\/sv\/wp-json\/wp\/v2\/pages\/622"}],"wp:attachment":[{"href":"https:\/\/ibtherapeutics.com\/sv\/wp-json\/wp\/v2\/media?parent=850"}],"curies":[{"name":"wp","href":"https:\/\/api.w.org\/{rel}","templated":true}]}}